{"id":16104,"date":"2022-01-04T16:50:30","date_gmt":"2022-01-04T15:50:30","guid":{"rendered":"https:\/\/svat.aretis-staging.ch\/rund-um-den-beruf\/berufsbild-ausbildung\/ueber-den-beruf-copy\/"},"modified":"2022-01-04T17:14:45","modified_gmt":"2022-01-04T16:14:45","slug":"positionspapier","status":"publish","type":"page","link":"https:\/\/svat.ch\/it\/rund-um-den-beruf\/berufsbild-ausbildung\/positionspapier\/","title":{"rendered":"Documento di posizione"},"content":{"rendered":"<div id='av_section_1'  class='avia-section av-kx5z5r4u-cfbc727b5420fd2be20bb3e633054365 main_color avia-section-huge avia-no-border-styling  avia-builder-el-0  el_before_av_section  avia-builder-el-first  avia-bg-style-scroll container_wrap fullsize'  ><div class='container av-section-cont-open' ><main  class='template-page content  av-content-full alpha units'><div class='post-entry post-entry-type-page post-entry-16104'><div class='entry-content-wrapper clearfix'>\n\n<style type=\"text\/css\" data-created_by=\"avia_inline_auto\" id=\"style-css-av-13pssp2-6ed922aafb2ee577bb0719ddc2bff93f\">\n.flex_column.av-13pssp2-6ed922aafb2ee577bb0719ddc2bff93f{\nborder-radius:0px 0px 0px 0px;\npadding:0px 0px 0px 0px;\n}\n<\/style>\n<div  class='flex_column av-13pssp2-6ed922aafb2ee577bb0719ddc2bff93f av_one_full  avia-builder-el-1  el_before_av_one_half  avia-builder-el-first  first flex_column_div av-zero-column-padding'     ><p>\n<style type=\"text\/css\" data-created_by=\"avia_inline_auto\" id=\"style-css-av-ky0ak8cs-41a45f9a4ed920a3cf2f8d73c3eac534\">\n#top .av-special-heading.av-ky0ak8cs-41a45f9a4ed920a3cf2f8d73c3eac534{\npadding-bottom:30px;\n}\nbody .av-special-heading.av-ky0ak8cs-41a45f9a4ed920a3cf2f8d73c3eac534 .av-special-heading-tag .heading-char{\nfont-size:25px;\n}\n.av-special-heading.av-ky0ak8cs-41a45f9a4ed920a3cf2f8d73c3eac534 .av-subheading{\nfont-size:30px;\n}\n<\/style>\n<div  class='av-special-heading av-ky0ak8cs-41a45f9a4ed920a3cf2f8d73c3eac534 av-special-heading-h1 blockquote modern-quote modern-centered  avia-builder-el-2  el_before_av_hr  avia-builder-el-first  av-linked-heading'><h1 class='av-special-heading-tag'  >Documento di posizione<\/h1><div class='av-subheading av-subheading_below'><p>Attivazione oggi e in futuro<\/p>\n<\/div><div class=\"special-heading-border\"><div class=\"special-heading-inner-border\"><\/div><\/div><\/div><br \/>\n\n<style type=\"text\/css\" data-created_by=\"avia_inline_auto\" id=\"style-css-av-wmo4xo-2036e54e9507e8f2d908fba66691bc07\">\n#top .hr.av-wmo4xo-2036e54e9507e8f2d908fba66691bc07{\nmargin-top:30px;\nmargin-bottom:30px;\n}\n.hr.av-wmo4xo-2036e54e9507e8f2d908fba66691bc07 .hr-inner{\nwidth:150px;\nborder-color:#cccccc;\nmax-width:45%;\n}\n.hr.av-wmo4xo-2036e54e9507e8f2d908fba66691bc07 .av-seperator-icon{\ncolor:#52ae2f;\n}\n.hr.av-wmo4xo-2036e54e9507e8f2d908fba66691bc07 .av-seperator-icon.avia-svg-icon svg:first-child{\nfill:#52ae2f;\nstroke:#52ae2f;\n}\n<\/style>\n<div  class='hr av-wmo4xo-2036e54e9507e8f2d908fba66691bc07 hr-custom  avia-builder-el-3  el_after_av_heading  avia-builder-el-last  trennlinie_punkt hr-center hr-icon-yes'><span class='hr-inner inner-border-av-border-thin'><span class=\"hr-inner-style\"><\/span><\/span><span class='av-seperator-icon avia-iconfont avia-font-entypo-fontello' data-av_icon='\ue8ae' data-av_iconfont='entypo-fontello' ><\/span><span class='hr-inner inner-border-av-border-thin'><span class=\"hr-inner-style\"><\/span><\/span><\/div><\/p><\/div><div class='flex_column_table av-kx4wuvir-5dd31134519946d41715e541fd2d6e91 sc-av_one_half av-equal-height-column-flextable'>\n<style type=\"text\/css\" data-created_by=\"avia_inline_auto\" id=\"style-css-av-kx4wuvir-5dd31134519946d41715e541fd2d6e91\">\n.flex_column.av-kx4wuvir-5dd31134519946d41715e541fd2d6e91{\nborder-width:1px;\nborder-style:solid;\nborder-radius:0px 0px 0px 0px;\npadding:25px 25px 25px 25px;\nbackground-color:#f9f9f9;\n}\n<\/style>\n<div  class='flex_column av-kx4wuvir-5dd31134519946d41715e541fd2d6e91 av_one_half  avia-builder-el-4  el_after_av_one_full  el_before_av_one_half  first flex_column_table_cell av-equal-height-column av-align-top av-animated-generic pop-up  column-top-margin'     ><p><article  class='iconbox iconbox_left av-kx4wwzsi-d341a6214ab1d2564b99db790e14c15d  avia-builder-el-5  el_before_av_hr  avia-builder-el-first' ><div class=\"iconbox_content\"><header class=\"entry-content-header\" aria-label=\"Icona: Documento di posizione della nostra associazione\"><div class='iconbox_icon heading-color avia-iconfont avia-font-entypo-fontello' data-av_icon='\ue84e' data-av_iconfont='entypo-fontello'  ><\/div><h3 class='iconbox_content_title' >Documento di posizione della nostra federazione<\/h3><\/header><div class='iconbox_content_container' ><p>Il documento di posizione \u00e8 stato approvato all'unanimit\u00e0 dai membri durante l'assemblea generale del 21 aprile 2018, fatte salve le modifiche richieste.<\/p>\n<p>Gli specialisti in attivazione offrono pi\u00f9 di una semplice occupazione...<\/p>\n<\/div><\/div><footer class=\"entry-footer\"><\/footer><\/article><br \/>\n\n<style type=\"text\/css\" data-created_by=\"avia_inline_auto\" id=\"style-css-av-k7vomddf-8f191eb857b1a5450658fb05ea8f66a6\">\n#top .hr.av-k7vomddf-8f191eb857b1a5450658fb05ea8f66a6{\nmargin-top:15px;\nmargin-bottom:25px;\n}\n.hr.av-k7vomddf-8f191eb857b1a5450658fb05ea8f66a6 .hr-inner{\nwidth:130px;\nborder-color:#cccccc;\n}\n<\/style>\n<div  class='hr av-k7vomddf-8f191eb857b1a5450658fb05ea8f66a6 hr-custom  avia-builder-el-6  el_after_av_icon_box  el_before_av_button  hr-left hr-icon-no'><span class='hr-inner inner-border-av-border-thin'><span class=\"hr-inner-style\"><\/span><\/span><\/div><br \/>\n<div  class='avia-button-wrap av-kx4wz2jf-6d2c844f8c6dff5b898585fdb9c41788-wrap avia-button-left  avia-builder-el-7  el_after_av_hr  avia-builder-el-last'><a href='https:\/\/svat.ch\/wp-content\/uploads\/positionspapier.pdf'  class='avia-button av-kx4wz2jf-6d2c844f8c6dff5b898585fdb9c41788 av-link-btn avia-icon_select-yes-left-icon avia-size-large avia-position-left avia-color-theme-color'  target=\"_blank\"  rel=\"noopener noreferrer\"  aria-label=\"Documento di posizione PDF\"><span class='avia_button_icon avia_button_icon_left avia-iconfont avia-font-entypo-fontello' data-av_icon='\ue832' data-av_iconfont='entypo-fontello' ><\/span><span class='avia_iconbox_title' >Documento di posizione PDF<\/span><\/a><\/div><\/p><\/div><div class='av-flex-placeholder'><\/div>\n<style type=\"text\/css\" data-created_by=\"avia_inline_auto\" id=\"style-css-av-2vsv1kk-42b458e217e1f51988723f7e137f270f\">\n.flex_column.av-2vsv1kk-42b458e217e1f51988723f7e137f270f{\nborder-radius:0px 0px 0px 0px;\npadding:45px 0px 0px 0px;\n}\n<\/style>\n<div  class='flex_column av-2vsv1kk-42b458e217e1f51988723f7e137f270f av_one_half  avia-builder-el-8  el_after_av_one_half  avia-builder-el-last  flex_column_table_cell av-equal-height-column av-align-top av-animated-generic fade-in  column-top-margin'     ><p>\n<style type=\"text\/css\" data-created_by=\"avia_inline_auto\" id=\"style-css-av-a3u2o4-210ce2c760a4022e244e9bf9561ed68b\">\n.avia-image-container.av-a3u2o4-210ce2c760a4022e244e9bf9561ed68b img.avia_image{\nbox-shadow:none;\n}\n.avia-image-container.av-a3u2o4-210ce2c760a4022e244e9bf9561ed68b .av-image-caption-overlay-center{\ncolor:#ffffff;\n}\n<\/style>\n<div  class='avia-image-container av-a3u2o4-210ce2c760a4022e244e9bf9561ed68b av-styling- avia_animated_image av-animated-when-visible-95 left-to-right avia-align-center  avia-builder-el-9  el_before_av_textblock  avia-builder-el-first'  ><div class=\"avia-image-container-inner\"><div class=\"avia-image-overlay-wrap\"><img decoding=\"async\" fetchpriority=\"high\" class='wp-image-14794 avia-img-lazy-loading-not-14794 avia_image' src=\"https:\/\/svat.ch\/wp-content\/uploads\/startseite_masonry5.jpg\" alt='' title=''  height=\"667\" width=\"1000\" srcset=\"https:\/\/svat.ch\/wp-content\/uploads\/startseite_masonry5.jpg 1000w, https:\/\/svat.ch\/wp-content\/uploads\/startseite_masonry5-300x200.jpg 300w, https:\/\/svat.ch\/wp-content\/uploads\/startseite_masonry5-768x512.jpg 768w, https:\/\/svat.ch\/wp-content\/uploads\/startseite_masonry5-705x470.jpg 705w\" sizes=\"(max-width: 1000px) 100vw, 1000px\" \/><\/div><\/div><\/div><br \/>\n\n<style type=\"text\/css\" data-created_by=\"avia_inline_auto\" id=\"style-css-av-kx4w4zv1-8636f9e0566dc2df0ea0f57d3a92d485\">\n#top .av_textblock_section.av-kx4w4zv1-8636f9e0566dc2df0ea0f57d3a92d485 .avia_textblock{\nfont-size:14px;\n}\n<\/style>\n<section  class='av_textblock_section av-kx4w4zv1-8636f9e0566dc2df0ea0f57d3a92d485'  ><div class='avia_textblock' ><p><em>Migliorare la qualit\u00e0 della vita degli adulti malati o disabili<br \/>\n<\/em><\/p>\n<\/div><\/section><\/p><\/div><\/div><!--close column table wrapper. Autoclose: 1 --><\/div><\/div><\/main><!-- close content main element --><\/div><\/div>\n<style type=\"text\/css\" data-created_by=\"avia_inline_auto\" id=\"style-css-av-1k0d8rr-1dc3f0e74763801204435fd2b4ada56f\">\n.avia-section.av-1k0d8rr-1dc3f0e74763801204435fd2b4ada56f .av-parallax .av-parallax-inner{\nbackground-repeat:no-repeat;\nbackground-image:url(https:\/\/svat.ch\/wp-content\/uploads\/berufsbild_parallax.jpg);\nbackground-position:50% 50%;\nbackground-attachment:scroll;\n}\n.avia-section.av-1k0d8rr-1dc3f0e74763801204435fd2b4ada56f .av-section-color-overlay{\nopacity:0.5;\nbackground-color:#000000;\n}\n<\/style>\n<div id='av_section_2'  class='avia-section av-1k0d8rr-1dc3f0e74763801204435fd2b4ada56f main_color avia-section-default avia-no-shadow  avia-builder-el-11  el_after_av_section  el_before_av_masonry_gallery  avia-full-stretch av-parallax-section avia-bg-style-parallax av-section-color-overlay-active av-minimum-height av-minimum-height-75 av-height-75  container_wrap fullsize'  data-section-bg-repeat='stretch' data-av_minimum_height_pc='75' data-av_min_height_opt='75'><div class='av-parallax' data-avia-parallax-ratio='0.3' ><div class='av-parallax-inner main_color avia-full-stretch'><\/div><\/div><div class=\"av-section-color-overlay-wrap\"><div class=\"av-section-color-overlay\"><\/div><div class='container av-section-cont-open' ><div class='template-page content  av-content-full alpha units'><div class='post-entry post-entry-type-page post-entry-16104'><div class='entry-content-wrapper clearfix'>\n\n<style type=\"text\/css\" data-created_by=\"avia_inline_auto\" id=\"style-css-av-12nr7fu-206270bd725fca415cd81339ecd733d7\">\n#top .av-special-heading.av-12nr7fu-206270bd725fca415cd81339ecd733d7{\npadding-bottom:35px;\ncolor:#ffffff;\nfont-size:65px;\n}\nbody .av-special-heading.av-12nr7fu-206270bd725fca415cd81339ecd733d7 .av-special-heading-tag .heading-char{\nfont-size:25px;\n}\n#top #wrap_all .av-special-heading.av-12nr7fu-206270bd725fca415cd81339ecd733d7 .av-special-heading-tag{\nfont-size:65px;\n}\n.av-special-heading.av-12nr7fu-206270bd725fca415cd81339ecd733d7 .special-heading-inner-border{\nborder-color:#ffffff;\n}\n.av-special-heading.av-12nr7fu-206270bd725fca415cd81339ecd733d7 .av-subheading{\nfont-size:30px;\n}\n\n@media only screen and (min-width: 480px) and (max-width: 767px){ \n#top #wrap_all .av-special-heading.av-12nr7fu-206270bd725fca415cd81339ecd733d7 .av-special-heading-tag{\nfont-size:0.8em;\n}\n}\n\n@media only screen and (max-width: 479px){ \n#top #wrap_all .av-special-heading.av-12nr7fu-206270bd725fca415cd81339ecd733d7 .av-special-heading-tag{\nfont-size:0.8em;\n}\n}\n<\/style>\n<div  class='av-special-heading av-12nr7fu-206270bd725fca415cd81339ecd733d7 av-special-heading-h1 custom-color-heading blockquote modern-quote modern-centered  avia-builder-el-12  el_before_av_button  avia-builder-el-first  av-thin-font av-inherit-size'><h1 class='av-special-heading-tag'  >Promuovere e <strong><br \/>\ndomanda<\/strong><\/h1><div class='av_custom_color av-subheading av-subheading_below'><p>Gli specialisti dell'attivazione danno agli individui e ai gruppi la possibilit\u00e0 di contribuire con i loro interessi e di decidere il pi\u00f9 possibile in modo indipendente.<\/p>\n<\/div><div class=\"special-heading-border\"><div class=\"special-heading-inner-border\"><\/div><\/div><\/div>\n<div  class='avia-button-wrap av-1g7t1qv-9c0a5628e3e4121be3a29f918d91284d-wrap avia-button-center  avia-builder-el-13  el_after_av_heading  avia-builder-el-last'><a href='https:\/\/svat.ch\/it\/mitgliedschaft\/'  class='avia-button av-1g7t1qv-9c0a5628e3e4121be3a29f918d91284d av-link-btn avia-icon_select-yes-left-icon avia-size-large avia-position-center avia-color-theme-color'   aria-label=\"Diventa un membro\"><span class='avia_button_icon avia_button_icon_left avia-iconfont avia-font-entypo-fontello' data-av_icon='\ue832' data-av_iconfont='entypo-fontello' ><\/span><span class='avia_iconbox_title' >Diventa un membro<\/span><\/a><\/div>\n<\/p>\n\n<style type=\"text\/css\" data-created_by=\"avia_inline_auto\" id=\"style-css-av-my9g87-dc301c4cc4e3e81cca8a4699b19ad6f6\">\n#top .av-masonry.av-my9g87-dc301c4cc4e3e81cca8a4699b19ad6f6{\nbackground-color:#d3d3d3;\n}\n<\/style>\n<div id='av-masonry-1' class='av-masonry av-my9g87-dc301c4cc4e3e81cca8a4699b19ad6f6 noHover av-fixed-size av-large-gap av-hover-overlay- av-masonry-animation-active av-masonry-col-4 av-caption-on-hover av-caption-style- av-masonry-gallery av-medium-columns-overwrite av-medium-columns-2 av-small-columns-overwrite av-small-columns-2 av-mini-columns-overwrite av-mini-columns-1' data-post_id=\"16104\"><div class=\"av-masonry-container isotope av-js-disabled\"><div class='av-masonry-entry isotope-item av-masonry-item-no-image'><\/div><a href=\"https:\/\/svat.ch\/wp-content\/uploads\/berufsbild_masonry1.jpg\" data-srcset=\"https:\/\/svat.ch\/wp-content\/uploads\/berufsbild_masonry1.jpg 1000w, https:\/\/svat.ch\/wp-content\/uploads\/berufsbild_masonry1-300x200.jpg 300w, https:\/\/svat.ch\/wp-content\/uploads\/berufsbild_masonry1-768x512.jpg 768w, https:\/\/svat.ch\/wp-content\/uploads\/berufsbild_masonry1-705x470.jpg 705w\" data-sizes=\"(max-width: 1000px) 100vw, 1000px\"  aria-label=\"immagine immagine senza titolo\"  id='av-masonry-1-item-15782' data-av-masonry-item='15782' class='av-masonry-entry isotope-item post-15782 attachment type-attachment status-inherit hentry  av-masonry-item-with-image' title=\"\" alt=\"\"   ><div class='av-inner-masonry-sizer'><\/div><figure class='av-inner-masonry main_color'><div class=\"av-masonry-outerimage-container\"><div class='av-masonry-image-container' style=\"background-image: url(https:\/\/svat.ch\/wp-content\/uploads\/berufsbild_masonry1-705x470.jpg);\" ><\/div><\/div><\/figure><\/a><!--end av-masonry entry--><a href=\"https:\/\/svat.ch\/wp-content\/uploads\/berufsbild_masonry2-968x1030.jpg\" data-srcset=\"https:\/\/svat.ch\/wp-content\/uploads\/berufsbild_masonry2-968x1030.jpg 968w, https:\/\/svat.ch\/wp-content\/uploads\/berufsbild_masonry2-282x300.jpg 282w, https:\/\/svat.ch\/wp-content\/uploads\/berufsbild_masonry2-768x817.jpg 768w, https:\/\/svat.ch\/wp-content\/uploads\/berufsbild_masonry2-663x705.jpg 663w, https:\/\/svat.ch\/wp-content\/uploads\/berufsbild_masonry2.jpg 1000w\" data-sizes=\"(max-width: 968px) 100vw, 968px\"  aria-label=\"immagine immagine senza titolo\"  id='av-masonry-1-item-15781' data-av-masonry-item='15781' class='av-masonry-entry isotope-item post-15781 attachment type-attachment status-inherit hentry  av-masonry-item-with-image' title=\"\" alt=\"\"   ><div class='av-inner-masonry-sizer'><\/div><figure class='av-inner-masonry main_color'><div class=\"av-masonry-outerimage-container\"><div class='av-masonry-image-container' style=\"background-image: url(https:\/\/svat.ch\/wp-content\/uploads\/berufsbild_masonry2-663x705.jpg);\" ><\/div><\/div><\/figure><\/a><!--end av-masonry entry--><a href=\"https:\/\/svat.ch\/wp-content\/uploads\/berufsbild_masonry3.jpg\" data-srcset=\"https:\/\/svat.ch\/wp-content\/uploads\/berufsbild_masonry3.jpg 1000w, https:\/\/svat.ch\/wp-content\/uploads\/berufsbild_masonry3-300x200.jpg 300w, https:\/\/svat.ch\/wp-content\/uploads\/berufsbild_masonry3-768x512.jpg 768w, https:\/\/svat.ch\/wp-content\/uploads\/berufsbild_masonry3-705x470.jpg 705w\" data-sizes=\"(max-width: 1000px) 100vw, 1000px\"  aria-label=\"immagine immagine senza titolo\"  id='av-masonry-1-item-15780' data-av-masonry-item='15780' class='av-masonry-entry isotope-item post-15780 attachment type-attachment status-inherit hentry  av-masonry-item-with-image' title=\"\" alt=\"\"   ><div class='av-inner-masonry-sizer'><\/div><figure class='av-inner-masonry main_color'><div class=\"av-masonry-outerimage-container\"><div class='av-masonry-image-container' style=\"background-image: url(https:\/\/svat.ch\/wp-content\/uploads\/berufsbild_masonry3-705x470.jpg);\" ><\/div><\/div><\/figure><\/a><!--end av-masonry entry--><a href=\"https:\/\/svat.ch\/wp-content\/uploads\/berufsbild_masonry4.jpg\" data-srcset=\"https:\/\/svat.ch\/wp-content\/uploads\/berufsbild_masonry4.jpg 1000w, https:\/\/svat.ch\/wp-content\/uploads\/berufsbild_masonry4-300x200.jpg 300w, https:\/\/svat.ch\/wp-content\/uploads\/berufsbild_masonry4-768x512.jpg 768w, https:\/\/svat.ch\/wp-content\/uploads\/berufsbild_masonry4-705x470.jpg 705w\" data-sizes=\"(max-width: 1000px) 100vw, 1000px\"  aria-label=\"immagine immagine senza titolo\"  id='av-masonry-1-item-15779' data-av-masonry-item='15779' class='av-masonry-entry isotope-item post-15779 attachment type-attachment status-inherit hentry  av-masonry-item-with-image' title=\"\" alt=\"\"   ><div class='av-inner-masonry-sizer'><\/div><figure class='av-inner-masonry main_color'><div class=\"av-masonry-outerimage-container\"><div class='av-masonry-image-container' style=\"background-image: url(https:\/\/svat.ch\/wp-content\/uploads\/berufsbild_masonry4-705x470.jpg);\" ><\/div><\/div><\/figure><\/a><!--end av-masonry entry--><\/div><\/div>","protected":false},"excerpt":{"rendered":"","protected":false},"author":1,"featured_media":0,"parent":15207,"menu_order":49,"comment_status":"closed","ping_status":"closed","template":"","meta":{"_seopress_robots_primary_cat":"","_seopress_titles_title":"Positionspapier Schweizerischer Verband  der Aktivierungsfachfrauen\/-m\u00e4nner","_seopress_titles_desc":"Dipl. Aktivierungsfachfrauen und -m\u00e4nner HF gehen davon aus, dass der Mensch auch mit schwersten Einschr\u00e4nkungen und bis ins hohe Alter entwicklungsf\u00e4hig ist.","_seopress_robots_index":"","footnotes":""},"folder":[],"class_list":["post-16104","page","type-page","status-publish","hentry"],"_links":{"self":[{"href":"https:\/\/svat.ch\/it\/wp-json\/wp\/v2\/pages\/16104","targetHints":{"allow":["GET"]}}],"collection":[{"href":"https:\/\/svat.ch\/it\/wp-json\/wp\/v2\/pages"}],"about":[{"href":"https:\/\/svat.ch\/it\/wp-json\/wp\/v2\/types\/page"}],"author":[{"embeddable":true,"href":"https:\/\/svat.ch\/it\/wp-json\/wp\/v2\/users\/1"}],"replies":[{"embeddable":true,"href":"https:\/\/svat.ch\/it\/wp-json\/wp\/v2\/comments?post=16104"}],"version-history":[{"count":3,"href":"https:\/\/svat.ch\/it\/wp-json\/wp\/v2\/pages\/16104\/revisions"}],"predecessor-version":[{"id":16112,"href":"https:\/\/svat.ch\/it\/wp-json\/wp\/v2\/pages\/16104\/revisions\/16112"}],"up":[{"embeddable":true,"href":"https:\/\/svat.ch\/it\/wp-json\/wp\/v2\/pages\/15207"}],"wp:attachment":[{"href":"https:\/\/svat.ch\/it\/wp-json\/wp\/v2\/media?parent=16104"}],"wp:term":[{"taxonomy":"folder","embeddable":true,"href":"https:\/\/svat.ch\/it\/wp-json\/wp\/v2\/folder?post=16104"}],"curies":[{"name":"wp","href":"https:\/\/api.w.org\/{rel}","templated":true}]}}