{"id":15590,"date":"2021-12-17T11:35:11","date_gmt":"2021-12-17T10:35:11","guid":{"rendered":"https:\/\/svat.aretis.ch\/?page_id=15590"},"modified":"2023-09-07T07:35:07","modified_gmt":"2023-09-07T05:35:07","slug":"datenschutz","status":"publish","type":"page","link":"https:\/\/svat.ch\/it\/datenschutz\/","title":{"rendered":"Protezione dei dati"},"content":{"rendered":"<style type=\"text\/css\" data-created_by=\"avia_inline_auto\" id=\"style-css-av-30xqkc4-3209b7c59144bdd7887978bf2aff3aa7\">\n.avia-section.av-30xqkc4-3209b7c59144bdd7887978bf2aff3aa7{\nbackground-color:#ffffff;\nbackground-image:unset;\n}\n<\/style>\n<div id='av_section_1'  class='avia-section av-30xqkc4-3209b7c59144bdd7887978bf2aff3aa7 alternate_color avia-section-huge avia-shadow  avia-builder-el-0  avia-builder-el-no-sibling  avia-bg-style-scroll container_wrap fullsize'  ><div class='container av-section-cont-open' ><main  class='template-page content  av-content-full alpha units'><div class='post-entry post-entry-type-page post-entry-15590'><div class='entry-content-wrapper clearfix'>\n\n<style type=\"text\/css\" data-created_by=\"avia_inline_auto\" id=\"style-css-av-kxabtzc4-e2bde53e825ab33732e69bdee3f20ba5\">\n#top .av-special-heading.av-kxabtzc4-e2bde53e825ab33732e69bdee3f20ba5{\npadding-bottom:30px;\n}\nbody .av-special-heading.av-kxabtzc4-e2bde53e825ab33732e69bdee3f20ba5 .av-special-heading-tag .heading-char{\nfont-size:25px;\n}\n.av-special-heading.av-kxabtzc4-e2bde53e825ab33732e69bdee3f20ba5 .av-subheading{\nfont-size:30px;\n}\n<\/style>\n<div  class='av-special-heading av-kxabtzc4-e2bde53e825ab33732e69bdee3f20ba5 av-special-heading-h1 blockquote modern-quote modern-centered  avia-builder-el-1  el_before_av_hr  avia-builder-el-first  av-linked-heading'><h1 class='av-special-heading-tag'  >Politica sulla privacy<\/h1><div class='av-subheading av-subheading_below'><p>Associazione svizzera degli specialisti in attivazione<\/p>\n<\/div><div class=\"special-heading-border\"><div class=\"special-heading-inner-border\"><\/div><\/div><\/div>\n\n<style type=\"text\/css\" data-created_by=\"avia_inline_auto\" id=\"style-css-av-wmo4xo-2036e54e9507e8f2d908fba66691bc07\">\n#top .hr.av-wmo4xo-2036e54e9507e8f2d908fba66691bc07{\nmargin-top:30px;\nmargin-bottom:30px;\n}\n.hr.av-wmo4xo-2036e54e9507e8f2d908fba66691bc07 .hr-inner{\nwidth:150px;\nborder-color:#cccccc;\nmax-width:45%;\n}\n.hr.av-wmo4xo-2036e54e9507e8f2d908fba66691bc07 .av-seperator-icon{\ncolor:#52ae2f;\n}\n.hr.av-wmo4xo-2036e54e9507e8f2d908fba66691bc07 .av-seperator-icon.avia-svg-icon svg:first-child{\nfill:#52ae2f;\nstroke:#52ae2f;\n}\n<\/style>\n<div  class='hr av-wmo4xo-2036e54e9507e8f2d908fba66691bc07 hr-custom  avia-builder-el-2  el_after_av_heading  el_before_av_one_half  trennlinie_punkt hr-center hr-icon-yes'><span class='hr-inner inner-border-av-border-thin'><span class=\"hr-inner-style\"><\/span><\/span><span class='av-seperator-icon avia-iconfont avia-font-entypo-fontello' data-av_icon='\ue8ae' data-av_iconfont='entypo-fontello' ><\/span><span class='hr-inner inner-border-av-border-thin'><span class=\"hr-inner-style\"><\/span><\/span><\/div>\n\n<style type=\"text\/css\" data-created_by=\"avia_inline_auto\" id=\"style-css-av-2vsv1kk-8c59a3c0d9a773872bc52611a98142a3\">\n.flex_column.av-2vsv1kk-8c59a3c0d9a773872bc52611a98142a3{\nborder-radius:0px 0px 0px 0px;\npadding:45px 0px 0px 0px;\n}\n<\/style>\n<div  class='flex_column av-2vsv1kk-8c59a3c0d9a773872bc52611a98142a3 av_one_half  avia-builder-el-3  el_after_av_hr  el_before_av_one_half  first flex_column_div av-animated-generic fade-in'     ><section  class='av_textblock_section av-kxabv9yu-3e3a21eb279958fdae469c5513e6e196'  ><div class='avia_textblock' ><p><strong><a href=\"https:\/\/svat.ch\/wp-content\/uploads\/230628_ro_d2__merkblatt_datenschutz_NICHT-besonders-schuetzenswerte-Personendaten_de.pdf\" target=\"_blank\" rel=\"noopener\">Foglio informativo sulla protezione dei dati | Attuazione della nuova legge sulla protezione dei dati a partire dal 1\u00b0 settembre 2023<\/a><\/strong><\/p>\n<p><strong>Disclaimer<\/strong><br \/>\nL'autore non si assume alcuna responsabilit\u00e0 in merito alla correttezza, all'accuratezza, all'attualit\u00e0, all'affidabilit\u00e0 e alla completezza delle informazioni. Le richieste di responsabilit\u00e0 per danni causati dall'uso delle informazioni fornite, comprese quelle incomplete o errate, saranno pertanto respinte. Tutte le offerte non sono vincolanti. L'autore si riserva espressamente il diritto di modificare, integrare o cancellare parti delle pagine o l'intera offerta senza un annuncio separato o di interrompere temporaneamente o definitivamente la pubblicazione.<\/p>\n<p><strong>Responsabilit\u00e0 per i link<\/strong><br \/>\nI riferimenti e i link a siti web di terzi sono al di fuori della nostra area di responsabilit\u00e0. Decliniamo ogni responsabilit\u00e0 per tali siti web. L'accesso e l'uso di tali siti web \u00e8 a rischio e pericolo dell'utente.<\/p>\n<p><strong>Copyright<\/strong><br \/>\nI diritti d'autore e tutti gli altri diritti su contenuti, immagini, foto o altri file presenti sul sito web appartengono esclusivamente all'Associazione Svizzera degli Specialisti dell'Attivazione o ai titolari dei diritti specificatamente indicati. Per la riproduzione di qualsiasi elemento \u00e8 necessario ottenere preventivamente il consenso scritto dei titolari dei diritti d'autore.<\/p>\n<p><strong>Protezione dei dati<\/strong><br \/>\nIn base all'articolo 13 della Costituzione federale svizzera e alle disposizioni della Confederazione in materia di protezione dei dati (Legge sulla protezione dei dati, LPD), ogni persona ha il diritto di tutelare la propria privacy e di essere protetta dall'uso improprio dei propri dati personali. Noi ci atteniamo a queste disposizioni. I dati personali sono trattati in modo strettamente confidenziale e non vengono venduti o ceduti a terzi.<\/p>\n<p>In stretta collaborazione con i nostri fornitori di hosting, ci sforziamo di proteggere al meglio le banche dati da accessi non autorizzati, perdita, abuso o falsificazione.<\/p>\n<p>Quando si accede al nostro sito web, i seguenti dati vengono memorizzati nei file di log: Indirizzo IP, data, ora, richiesta del browser e informazioni generali trasmesse sul sistema operativo o sul browser. Questi dati di utilizzo costituiscono la base per valutazioni statistiche e anonime, al fine di individuare le tendenze in atto, che possono essere utilizzate per migliorare le nostre offerte.<\/p>\n<p><strong>Informativa sulla privacy per l'utilizzo dei plugin di Facebook (pulsante \"Mi piace\")<\/strong><br \/>\nSulle nostre pagine possono essere integrati plugin del social network Facebook, 1601 South California Avenue, Palo Alto, CA 94304, USA. I plugin di Facebook sono riconoscibili dal logo di Facebook o dal pulsante \"Mi piace\" sul nostro sito. Una panoramica dei plugin di Facebook \u00e8 disponibile qui: <a href=\"http:\/\/developers.facebook.com\/docs\/plugins\/\" target=\"_blank\" rel=\"noreferrer noopener\" data-auto-recognition=\"true\" data-content=\"http:\/\/developers.facebook.com\/docs\/plugins\/.\" data-type=\"external\">http:\/\/developers.facebook.com\/docs\/plugins\/.<\/a><\/p>\n<p>Quando visitate le nostre pagine, viene stabilita una connessione diretta tra il vostro browser e il server di Facebook tramite il plugin. Facebook riceve cos\u00ec l'informazione che avete visitato il nostro sito con il vostro indirizzo IP. Se cliccate sul pulsante \"Mi piace\" di Facebook mentre siete connessi al vostro account Facebook, potete collegare il contenuto delle nostre pagine al vostro profilo Facebook. Ci\u00f2 consente a Facebook di associare la visita alle nostre pagine al vostro account utente. Desideriamo sottolineare che noi, in quanto fornitori delle pagine, non siamo a conoscenza del contenuto dei dati trasmessi n\u00e9 del loro utilizzo da parte di Facebook. Ulteriori informazioni in merito sono disponibili nell'informativa sulla privacy di Facebook all'indirizzo\u00a0<a href=\"https:\/\/www.facebook.com\/about\/privacy\/\" target=\"_blank\" rel=\"noreferrer noopener\" data-auto-recognition=\"true\" data-content=\"https:\/\/www.facebook.com\/about\/privacy\/\" data-type=\"external\">https:\/\/www.facebook.com\/about\/privacy\/<\/a><\/p>\n<p>Se non volete che Facebook possa assegnare le vostre visite alle nostre pagine al vostro account utente di Facebook, siete pregati di disconnettervi dal vostro account utente di Facebook.<\/p>\n<p><strong>Informativa sulla privacy per l'utilizzo di X (ex Twitter)<br \/>\n<\/strong>Le funzioni del servizio X (ex Twitter) sono integrate nelle nostre pagine. Queste funzioni sono offerte da X Corp. con sede legale in Nevada e sede amministrativa a San Francisco, USA. Utilizzando X, i siti web visitati vengono collegati al vostro account X (@X) e resi noti ad altri utenti. In questo processo, vengono trasmessi a X dati quali l'indirizzo IP, il tipo di browser, i domini richiamati, le pagine visitate, il provider di telefonia mobile, gli ID di dispositivi e applicazioni e i termini di ricerca.<\/p>\n<p>Desideriamo sottolineare che noi, in qualit\u00e0 di provider delle pagine, non siamo a conoscenza del contenuto dei dati trasmessi n\u00e9 del modo in cui X li utilizza. \u00c8 possibile modificare le impostazioni di protezione dei dati presso X nelle impostazioni dell'account. In caso di domande, si prega di contattare https:\/\/help.twitter.com.<\/p>\n<\/div><\/section><\/div>\n<style type=\"text\/css\" data-created_by=\"avia_inline_auto\" id=\"style-css-av-2rnio6s-bc936b91616aecf0e589f2f88342a9b8\">\n.flex_column.av-2rnio6s-bc936b91616aecf0e589f2f88342a9b8{\nborder-radius:0px 0px 0px 0px;\npadding:45px 0px 0px 0px;\n}\n<\/style>\n<div  class='flex_column av-2rnio6s-bc936b91616aecf0e589f2f88342a9b8 av_one_half  avia-builder-el-5  el_after_av_one_half  avia-builder-el-last  flex_column_div av-animated-generic fade-in'     ><section  class='av_textblock_section av-kxabv9yu-1-ffe9eaa991d4cb20147121caca54f008'  ><div class='avia_textblock' ><p><strong>Informativa sulla privacy per l'utilizzo di Google Adsense<\/strong><br \/>\nQuesto sito web pu\u00f2 utilizzare Google AdSense, un servizio di integrazione pubblicitaria fornito da Google Inc (\"Google\"). Google AdSense utilizza i cosiddetti \"cookie\", file di testo che vengono depositati sul vostro computer per consentire al sito web di analizzare come gli utenti utilizzano il sito. Google AdSense utilizza anche i cosiddetti web beacon (grafici invisibili). Attraverso questi web beacon \u00e8 possibile analizzare informazioni come il traffico di visitatori su queste pagine.<\/p>\n<p>Le informazioni generate dai cookie e dai web beacon sull'utilizzo di questo sito web (compreso il vostro indirizzo IP) e sulla fornitura di formati pubblicitari vengono trasmesse a un server di Google negli USA e l\u00ec memorizzate. Queste informazioni possono essere trasmesse da Google a partner contrattuali di Google. Tuttavia, Google non unir\u00e0 il vostro indirizzo IP con altri dati da voi memorizzati.<\/p>\n<p>Potete rifiutarvi di usare i cookie selezionando l'impostazione appropriata sul vostro browser, ma tenete presente che in tal caso potreste non essere in grado di utilizzare tutte le funzionalit\u00e0 di questo sito web. Utilizzando il presente sito web, l'utente acconsente al trattamento dei propri dati da parte di Google per le modalit\u00e0 e i fini sopraindicati.<\/p>\n<p><strong>Informativa sulla privacy per l'utilizzo di Google Analytics<\/strong><br \/>\nQuesto sito web pu\u00f2 utilizzare Google Analytics, un servizio di analisi web fornito da Google, Inc (\"Google\"). Google Analytics utilizza i cosiddetti \"cookie\", file di testo che vengono depositati sul vostro computer per consentire al sito web di analizzare come gli utenti utilizzano il sito. Le informazioni generate dal cookie sull'utilizzo del sito web da parte dell'utente vengono solitamente trasmesse a un server di Google negli Stati Uniti e l\u00ec memorizzate. Tuttavia, nel caso in cui su questo sito web sia attivata l'anonimizzazione dell'IP, il vostro indirizzo IP verr\u00e0 preventivamente troncato da Google all'interno degli Stati membri dell'Unione europea o in altri Stati contraenti dell'Accordo sullo Spazio economico europeo.<\/p>\n<p>Solo in casi eccezionali l'indirizzo IP completo verr\u00e0 trasmesso a un server di Google negli Stati Uniti e l\u00ec abbreviato. Google utilizzer\u00e0 queste informazioni per valutare l'utilizzo del sito web da parte dell'utente, per redigere rapporti sulle attivit\u00e0 del sito web per gli operatori del sito web e per fornire altri servizi relativi alle attivit\u00e0 del sito web e all'utilizzo di Internet. Google pu\u00f2 anche trasferire queste informazioni a terzi, se ci\u00f2 \u00e8 richiesto dalla legge o se tali terzi elaborano le informazioni per conto di Google. L'indirizzo IP trasmesso dal vostro browser nell'ambito di Google Analytics non viene unito ad altri dati di Google.<\/p>\n<p>Potete rifiutarvi di usare i cookie selezionando l'impostazione appropriata sul vostro browser, ma tenete presente che in tal caso potreste non essere in grado di utilizzare tutte le funzionalit\u00e0 di questo sito web. Utilizzando il presente sito web, l'utente acconsente al trattamento dei propri dati da parte di Google per le modalit\u00e0 e i fini sopraindicati.<\/p>\n<p><strong>Informativa sulla privacy per l'utilizzo di Google +1<\/strong><br \/>\nPotete utilizzare il pulsante Google +1 per pubblicare informazioni in tutto il mondo. Tramite il pulsante Google +1, voi e altri utenti ricevete contenuti personalizzati da Google e dai suoi partner. Google memorizza sia l'informazione che l'utente ha dato +1 per un contenuto, sia le informazioni sulla pagina che stava visualizzando quando ha fatto clic su +1. I vostri +1 possono essere visualizzati come avvisi insieme al nome e alla foto del vostro profilo nei servizi di Google, ad esempio nei risultati di ricerca o nel vostro profilo Google, o in altri luoghi su siti web e pubblicit\u00e0 su Internet.<\/p>\n<p>Google registra le informazioni sulle vostre attivit\u00e0 +1 allo scopo di migliorare i servizi di Google per voi e per gli altri.<\/p>\n<p>Per utilizzare il pulsante Google +1, \u00e8 necessario avere un profilo Google pubblico e visibile a livello globale, che deve contenere almeno il nome scelto per il profilo. Questo nome viene utilizzato in tutti i servizi Google. In alcuni casi, questo nome pu\u00f2 anche sostituire un altro nome utilizzato dall'utente per la condivisione di contenuti tramite l'account Google. L'identit\u00e0 del profilo Google dell'utente pu\u00f2 essere visualizzata dagli utenti che conoscono il suo indirizzo e-mail o che dispongono di altre informazioni identificative sull'utente.<\/p>\n<p>Oltre agli utilizzi sopra descritti, le informazioni fornite dall'utente saranno utilizzate in conformit\u00e0 con l'informativa sulla privacy di Google applicabile (http:\/\/www.google.com\/intl\/de\/policies\/privacy\/). Google pu\u00f2 pubblicare statistiche aggregate sulle attivit\u00e0 +1 degli utenti o condividere queste statistiche con i nostri utenti e partner, come editori, inserzionisti o siti web affiliati.<\/p>\n<p><strong>Contatta<\/strong><br \/>\nQuando ci contattano (ad esempio tramite modulo di contatto, e-mail, telefono o tramite i social media), i dati dell'utente vengono elaborati allo scopo di gestire la richiesta di contatto e il suo trattamento. I dati dell'utente possono essere memorizzati in un sistema di gestione delle relazioni con i clienti (\"sistema CRM\") o in un'organizzazione di richieste comparabile, al fine di elaborare in modo pi\u00f9 efficiente eventuali richieste di follow-up.<\/p>\n<p>Cancelliamo le richieste se non sono pi\u00f9 necessarie. Rivediamo la necessit\u00e0 ogni due anni; inoltre, si applicano gli obblighi legali di archiviazione.<\/p>\n<\/div><\/section><\/div>","protected":false},"excerpt":{"rendered":"","protected":false},"author":1,"featured_media":0,"parent":0,"menu_order":17,"comment_status":"closed","ping_status":"closed","template":"","meta":{"_seopress_robots_primary_cat":"","_seopress_titles_title":"","_seopress_titles_desc":"","_seopress_robots_index":"","footnotes":""},"folder":[],"class_list":["post-15590","page","type-page","status-publish","hentry"],"_links":{"self":[{"href":"https:\/\/svat.ch\/it\/wp-json\/wp\/v2\/pages\/15590","targetHints":{"allow":["GET"]}}],"collection":[{"href":"https:\/\/svat.ch\/it\/wp-json\/wp\/v2\/pages"}],"about":[{"href":"https:\/\/svat.ch\/it\/wp-json\/wp\/v2\/types\/page"}],"author":[{"embeddable":true,"href":"https:\/\/svat.ch\/it\/wp-json\/wp\/v2\/users\/1"}],"replies":[{"embeddable":true,"href":"https:\/\/svat.ch\/it\/wp-json\/wp\/v2\/comments?post=15590"}],"version-history":[{"count":5,"href":"https:\/\/svat.ch\/it\/wp-json\/wp\/v2\/pages\/15590\/revisions"}],"predecessor-version":[{"id":20410,"href":"https:\/\/svat.ch\/it\/wp-json\/wp\/v2\/pages\/15590\/revisions\/20410"}],"wp:attachment":[{"href":"https:\/\/svat.ch\/it\/wp-json\/wp\/v2\/media?parent=15590"}],"wp:term":[{"taxonomy":"folder","embeddable":true,"href":"https:\/\/svat.ch\/it\/wp-json\/wp\/v2\/folder?post=15590"}],"curies":[{"name":"wp","href":"https:\/\/api.w.org\/{rel}","templated":true}]}}