{"id":15475,"date":"2021-12-16T14:05:40","date_gmt":"2021-12-16T13:05:40","guid":{"rendered":"https:\/\/svat.aretis.ch\/?page_id=15475"},"modified":"2023-10-06T07:48:29","modified_gmt":"2023-10-06T05:48:29","slug":"mitgliederbeitrag","status":"publish","type":"page","link":"https:\/\/svat.ch\/it\/mitgliedschaft\/mitgliederbeitrag\/","title":{"rendered":"Tassa d'iscrizione"},"content":{"rendered":"<div id='av_section_1'  class='avia-section av-kxa7fz3i-0ac1077a4a85ce2d917623a56476c642 main_color avia-section-huge avia-shadow  avia-builder-el-0  el_before_av_section  avia-builder-el-first  avia-bg-style-scroll container_wrap fullsize'  ><div class='container av-section-cont-open' ><main  class='template-page content  av-content-full alpha units'><div class='post-entry post-entry-type-page post-entry-15475'><div class='entry-content-wrapper clearfix'>\n\n<style type=\"text\/css\" data-created_by=\"avia_inline_auto\" id=\"style-css-av-1ctdi8j-026318a7815a08b9662fa5b438c19abf\">\n#top .av-special-heading.av-1ctdi8j-026318a7815a08b9662fa5b438c19abf{\npadding-bottom:30px;\n}\nbody .av-special-heading.av-1ctdi8j-026318a7815a08b9662fa5b438c19abf .av-special-heading-tag .heading-char{\nfont-size:25px;\n}\n.av-special-heading.av-1ctdi8j-026318a7815a08b9662fa5b438c19abf .av-subheading{\nfont-size:30px;\n}\n<\/style>\n<div  class='av-special-heading av-1ctdi8j-026318a7815a08b9662fa5b438c19abf av-special-heading-h1 blockquote modern-quote modern-centered  avia-builder-el-1  el_before_av_hr  avia-builder-el-first  av-linked-heading'><h1 class='av-special-heading-tag'  >Tassa d'iscrizione<\/h1><div class='av-subheading av-subheading_below'><p>Listino prezzi<\/p>\n<\/div><div class=\"special-heading-border\"><div class=\"special-heading-inner-border\"><\/div><\/div><\/div>\n\n<style type=\"text\/css\" data-created_by=\"avia_inline_auto\" id=\"style-css-av-wmo4xo-2036e54e9507e8f2d908fba66691bc07\">\n#top .hr.av-wmo4xo-2036e54e9507e8f2d908fba66691bc07{\nmargin-top:30px;\nmargin-bottom:30px;\n}\n.hr.av-wmo4xo-2036e54e9507e8f2d908fba66691bc07 .hr-inner{\nwidth:150px;\nborder-color:#cccccc;\nmax-width:45%;\n}\n.hr.av-wmo4xo-2036e54e9507e8f2d908fba66691bc07 .av-seperator-icon{\ncolor:#52ae2f;\n}\n.hr.av-wmo4xo-2036e54e9507e8f2d908fba66691bc07 .av-seperator-icon.avia-svg-icon svg:first-child{\nfill:#52ae2f;\nstroke:#52ae2f;\n}\n<\/style>\n<div  class='hr av-wmo4xo-2036e54e9507e8f2d908fba66691bc07 hr-custom  avia-builder-el-2  el_after_av_heading  el_before_av_one_full  trennlinie_punkt hr-center hr-icon-yes'><span class='hr-inner inner-border-av-border-thin'><span class=\"hr-inner-style\"><\/span><\/span><span class='av-seperator-icon avia-iconfont avia-font-entypo-fontello' data-av_icon='\ue8ae' data-av_iconfont='entypo-fontello' ><\/span><span class='hr-inner inner-border-av-border-thin'><span class=\"hr-inner-style\"><\/span><\/span><\/div>\n\n<style type=\"text\/css\" data-created_by=\"avia_inline_auto\" id=\"style-css-av-u5o600-44b2cc470bb6d068b3b48e7eed85748c\">\n#top .flex_column.av-u5o600-44b2cc470bb6d068b3b48e7eed85748c{\nmargin-top:30px;\nmargin-bottom:0px;\n}\n.flex_column.av-u5o600-44b2cc470bb6d068b3b48e7eed85748c{\nborder-radius:0px 0px 0px 0px;\npadding:0px 0px 0px 0px;\n}\n.responsive #top #wrap_all .flex_column.av-u5o600-44b2cc470bb6d068b3b48e7eed85748c{\nmargin-top:30px;\nmargin-bottom:0px;\n}\n<\/style>\n<div  class='flex_column av-u5o600-44b2cc470bb6d068b3b48e7eed85748c av_one_full  avia-builder-el-3  el_after_av_hr  el_before_av_textblock  first flex_column_div av-animated-generic pop-up av-zero-column-padding'     ><p>\n<style type=\"text\/css\" data-created_by=\"avia_inline_auto\" id=\"style-css-av-2ep1mb-dba5beb2f94f362a3e3c017b33096f30\">\n#top .av-special-heading.av-2ep1mb-dba5beb2f94f362a3e3c017b33096f30{\npadding-bottom:10px;\n}\nbody .av-special-heading.av-2ep1mb-dba5beb2f94f362a3e3c017b33096f30 .av-special-heading-tag .heading-char{\nfont-size:25px;\n}\n.av-special-heading.av-2ep1mb-dba5beb2f94f362a3e3c017b33096f30 .av-subheading{\nfont-size:15px;\n}\n<\/style>\n<div  class='av-special-heading av-2ep1mb-dba5beb2f94f362a3e3c017b33096f30 av-special-heading-h3  avia-builder-el-4  el_before_av_table  avia-builder-el-first'><h3 class='av-special-heading-tag'  >Membri normali<\/h3><div class=\"special-heading-border\"><div class=\"special-heading-inner-border\"><\/div><\/div><\/div><br \/>\n<div  class='avia-table av-q1omcy-713ce34b76f7de0a5f1548f3ae659dae main_color avia-pricing-table-container avia_pricing_default  avia-builder-el-5  el_after_av_heading  avia-builder-el-last  avia-table-1' ><div class=\"pricing-table-wrap\"><ul class='pricing-table'><li class='avia-pricing-row'><div class='first-table-item'>Membro attivo<\/div><span class='pricing-extra'><\/span><\/li><li class=''>Abbonamento annuale: CHF 290.00<\/li><li class='avia-heading-row'>Iscrizione a partire da luglio: CHF 145.00<\/li><li class='avia-button-row'><div  class='avia-button-wrap av-3x12jf6-fe451abc6e1d6b66bfb98a3ba6e4cfdf-wrap avia-button-center  avia-builder-el-6  el_before_av_button  avia-builder-el-first'><a href='https:\/\/svat.ch\/it\/mitgliedschaft\/uebersicht\/'  class='avia-button av-3x12jf6-fe451abc6e1d6b66bfb98a3ba6e4cfdf av-link-btn avia-icon_select-yes-right-icon avia-size-large avia-position-center avia-color-theme-color'   aria-label=\"Diventa un membro\"><span class='avia_iconbox_title' >Diventa un membro<\/span><span class='avia_button_icon avia_button_icon_right avia-iconfont avia-font-entypo-fontello' data-av_icon='\ue832' data-av_iconfont='entypo-fontello' ><\/span><\/a><\/div><br \/><\/li><\/ul><\/div><div class=\"pricing-table-wrap\"><ul class='pricing-table'><li class='avia-pricing-row'><div class='first-table-item'>Membro anziano<\/div><span class='pricing-extra'><\/span><\/li><li class=''>Abbonamento annuale: CHF 140.00<\/li><li class='avia-heading-row'>Iscrizione a partire da luglio: CHF 70.00<\/li><li class='avia-button-row'><div  class='avia-button-wrap av-3tsfq0i-491e27681458b7fbb85c61b321903f50-wrap avia-button-center  avia-builder-el-7  el_after_av_button  el_before_av_button'><a href='https:\/\/svat.ch\/it\/mitgliedschaft\/uebersicht\/'  class='avia-button av-3tsfq0i-491e27681458b7fbb85c61b321903f50 av-link-btn avia-icon_select-yes-right-icon avia-size-large avia-position-center avia-color-theme-color'   aria-label=\"Diventa un membro\"><span class='avia_iconbox_title' >Diventa un membro<\/span><span class='avia_button_icon avia_button_icon_right avia-iconfont avia-font-entypo-fontello' data-av_icon='\ue832' data-av_iconfont='entypo-fontello' ><\/span><\/a><\/div><br \/><\/li><\/ul><\/div><div class=\"pricing-table-wrap\"><ul class='pricing-table'><li class='avia-pricing-row'><div class='first-table-item'>Membro collettivo **<\/div><span class='pricing-extra'><\/span><\/li><li class=''>Abbonamento annuale: CHF 210,00<\/li><li class='avia-heading-row'>Iscrizione a partire da luglio: CHF 105.00<\/li><li class='avia-button-row'><div  class='avia-button-wrap av-k0m9y128-e7d2c78cd776465684ba95178a596d58-wrap avia-button-center  avia-builder-el-8  el_after_av_button  el_before_av_button'><a href='https:\/\/svat.ch\/it\/mitgliedschaft\/uebersicht\/'  class='avia-button av-k0m9y128-e7d2c78cd776465684ba95178a596d58 av-link-btn avia-icon_select-yes-right-icon avia-size-large avia-position-center avia-color-theme-color'   aria-label=\"Diventa un membro\"><span class='avia_iconbox_title' >Diventa un membro<\/span><span class='avia_button_icon avia_button_icon_right avia-iconfont avia-font-entypo-fontello' data-av_icon='\ue832' data-av_iconfont='entypo-fontello' ><\/span><\/a><\/div><br \/><\/li><\/ul><\/div><div class=\"pricing-table-wrap\"><ul class='pricing-table'><li class='avia-pricing-row'><div class='first-table-item'>Membro passivo *<\/div><span class='pricing-extra'><\/span><\/li><li class=''>Abbonamento annuale: CHF 200.00<\/li><li class='avia-heading-row'>Iscrizione a partire da luglio: CHF 100.00<\/li><li class='avia-button-row'><div  class='avia-button-wrap av-kxa7bpae-79e0d28bc6ca3990d784b7143c94517e-wrap avia-button-center  avia-builder-el-9  el_after_av_button  avia-builder-el-last'><a href='https:\/\/svat.ch\/it\/mitgliedschaft\/uebersicht\/'  class='avia-button av-kxa7bpae-79e0d28bc6ca3990d784b7143c94517e av-link-btn avia-icon_select-yes-right-icon avia-size-large avia-position-center avia-color-theme-color'   aria-label=\"Diventa un membro\"><span class='avia_iconbox_title' >Diventa un membro<\/span><span class='avia_button_icon avia_button_icon_right avia-iconfont avia-font-entypo-fontello' data-av_icon='\ue832' data-av_iconfont='entypo-fontello' ><\/span><\/a><\/div><br \/><\/li><\/ul><\/div><\/div><\/p><\/div><section  class='av_textblock_section av-kxa7ow2v-95ed834ed118d4ac3c8acef8db5cf2c2'  ><div class='avia_textblock' ><p>* senza diritto di voto e di elezione<\/p>\n<p>** senza diritto di voto e di elezione, senza benefici per la formazione continua, restrizioni sui servizi<\/p>\n<\/div><\/section>\n<\/div><\/div><\/main><!-- close content main element --><\/div><\/div>\n<style type=\"text\/css\" data-created_by=\"avia_inline_auto\" id=\"style-css-av-kxa7fz3i-27-86c40952b421da7f127d8bd65eb0977a\">\n.avia-section.av-kxa7fz3i-27-86c40952b421da7f127d8bd65eb0977a .av-extra-border-element .av-extra-border-inner{\nbackground-color:#efefef;\n}\n<\/style>\n<div id='av_section_2'  class='avia-section av-kxa7fz3i-27-86c40952b421da7f127d8bd65eb0977a alternate_color avia-section-huge avia-shadow  avia-builder-el-11  el_after_av_section  el_before_av_section  avia-bg-style-scroll av-arrow-down-section container_wrap fullsize'  ><div class='container av-section-cont-open' ><div class='template-page content  av-content-full alpha units'><div class='post-entry post-entry-type-page post-entry-15475'><div class='entry-content-wrapper clearfix'>\n\n<style type=\"text\/css\" data-created_by=\"avia_inline_auto\" id=\"style-css-av-u5o600-26-5c774459898b2978af05b1abf8daef29\">\n.flex_column.av-u5o600-26-5c774459898b2978af05b1abf8daef29{\nborder-radius:0px 0px 0px 0px;\npadding:0px 0px 0px 0px;\n}\n<\/style>\n<div  class='flex_column av-u5o600-26-5c774459898b2978af05b1abf8daef29 av_one_full  avia-builder-el-12  el_before_av_textblock  avia-builder-el-first  first flex_column_div av-animated-generic pop-up av-zero-column-padding'     ><p>\n<style type=\"text\/css\" data-created_by=\"avia_inline_auto\" id=\"style-css-av-1tz5rn-39ca3f418f843405e604e403d94d24ba\">\n#top .av-special-heading.av-1tz5rn-39ca3f418f843405e604e403d94d24ba{\npadding-bottom:10px;\n}\nbody .av-special-heading.av-1tz5rn-39ca3f418f843405e604e403d94d24ba .av-special-heading-tag .heading-char{\nfont-size:25px;\n}\n.av-special-heading.av-1tz5rn-39ca3f418f843405e604e403d94d24ba .av-subheading{\nfont-size:15px;\n}\n<\/style>\n<div  class='av-special-heading av-1tz5rn-39ca3f418f843405e604e403d94d24ba av-special-heading-h3  avia-builder-el-13  el_before_av_table  avia-builder-el-first'><h3 class='av-special-heading-tag'  >Studenti<\/h3><div class=\"special-heading-border\"><div class=\"special-heading-inner-border\"><\/div><\/div><\/div><br \/>\n<div  class='avia-table av-q1omcy-25-c34aa77a4adeed464e7e0d6fc9b78514 main_color avia-pricing-table-container avia_pricing_default  avia-builder-el-14  el_after_av_heading  avia-builder-el-last  avia-table-2' ><div class=\"pricing-table-wrap\"><ul class='pricing-table'><li class='avia-pricing-row'><div class='first-table-item'>Studenti<br \/>\nAnno 1 *<\/div><span class='pricing-extra'><\/span><\/li><li class=''>Tassa annuale: gratuita<\/li><li class='avia-heading-row'>A partire da luglio: gratis<\/li><li class='avia-button-row'><div  class='avia-button-wrap av-3x12jf6-24-429322a0012248d6b82b26bc06cde534-wrap avia-button-center  avia-builder-el-15  el_before_av_button  avia-builder-el-first'><a href='https:\/\/svat.ch\/it\/mitgliedschaft\/uebersicht\/'  class='avia-button av-3x12jf6-24-429322a0012248d6b82b26bc06cde534 av-link-btn avia-icon_select-yes-right-icon avia-size-large avia-position-center avia-color-theme-color'   aria-label=\"Diventa un membro\"><span class='avia_iconbox_title' >Diventa un membro<\/span><span class='avia_button_icon avia_button_icon_right avia-iconfont avia-font-entypo-fontello' data-av_icon='\ue832' data-av_iconfont='entypo-fontello' ><\/span><\/a><\/div><br \/><\/li><\/ul><\/div><div class=\"pricing-table-wrap\"><ul class='pricing-table'><li class='avia-pricing-row'><div class='first-table-item'>Studenti<br \/>\n2\u00b0\/3\u00b0 anno<\/div><span class='pricing-extra'><\/span><\/li><li class=''>Abbonamento annuale: CHF 50.00<\/li><li class='avia-heading-row'>A partire da luglio: gratis<\/li><li class='avia-button-row'><div  class='avia-button-wrap av-3tsfq0i-23-d58f18670c8d1529ce23532a4ea42ed8-wrap avia-button-center  avia-builder-el-16  el_after_av_button  el_before_av_button'><a href='https:\/\/svat.ch\/it\/mitgliedschaft\/uebersicht\/'  class='avia-button av-3tsfq0i-23-d58f18670c8d1529ce23532a4ea42ed8 av-link-btn avia-icon_select-yes-right-icon avia-size-large avia-position-center avia-color-theme-color'   aria-label=\"Diventa un membro\"><span class='avia_iconbox_title' >Diventa un membro<\/span><span class='avia_button_icon avia_button_icon_right avia-iconfont avia-font-entypo-fontello' data-av_icon='\ue832' data-av_iconfont='entypo-fontello' ><\/span><\/a><\/div><br \/><\/li><\/ul><\/div><div class=\"pricing-table-wrap\"><ul class='pricing-table'><li class='avia-pricing-row'><div class='first-table-item'>Studenti<br \/>\n1\u00b0 anno dopo la formazione<\/div><span class='pricing-extra'><\/span><\/li><li class=''>Abbonamento annuale: CHF 150.00<\/li><li class='avia-heading-row'>Iscrizione a partire da luglio: CHF 75.00<\/li><li class='avia-button-row'><div  class='avia-button-wrap av-k0m9y128-22-82d6ca1b0072f0756e1780e6ab041b78-wrap avia-button-center  avia-builder-el-17  el_after_av_button  avia-builder-el-last'><a href='https:\/\/svat.ch\/it\/mitgliedschaft\/uebersicht\/'  class='avia-button av-k0m9y128-22-82d6ca1b0072f0756e1780e6ab041b78 av-link-btn avia-icon_select-yes-right-icon avia-size-large avia-position-center avia-color-theme-color'   aria-label=\"Diventa un membro\"><span class='avia_iconbox_title' >Diventa un membro<\/span><span class='avia_button_icon avia_button_icon_right avia-iconfont avia-font-entypo-fontello' data-av_icon='\ue832' data-av_iconfont='entypo-fontello' ><\/span><\/a><\/div><br \/><\/li><\/ul><\/div><\/div><\/p><\/div><section  class='av_textblock_section av-kxa7ow2v-21-1ba15853563cc296fab74f3c65b65bd9'  ><div class='avia_textblock' ><p>* senza diritto di voto e di elezione<\/p>\n<\/div><\/section>\n<\/p>\n<\/div><\/div><\/div><!-- close content main div --><\/div><div class='av-extra-border-element border-extra-arrow-down'><div class='av-extra-border-outer'><div class='av-extra-border-inner'><\/div><\/div><\/div><\/div>\n<style type=\"text\/css\" data-created_by=\"avia_inline_auto\" id=\"style-css-av-kxa7suvm-86e6e83672f50ae76577cddb942bc335\">\n.avia-section.av-kxa7suvm-86e6e83672f50ae76577cddb942bc335{\nbackground-color:#545454;\nbackground-image:unset;\n}\n<\/style>\n<div id='av_section_3'  class='avia-section av-kxa7suvm-86e6e83672f50ae76577cddb942bc335 main_color avia-section-default avia-no-border-styling  avia-builder-el-19  el_after_av_section  el_before_av_section  avia-bg-style-scroll container_wrap fullsize'  ><div class='container av-section-cont-open' ><div class='template-page content  av-content-full alpha units'><div class='post-entry post-entry-type-page post-entry-15475'><div class='entry-content-wrapper clearfix'>\n\n<style type=\"text\/css\" data-created_by=\"avia_inline_auto\" id=\"style-css-av-kxa824fa-d648b6ffbed5b8ea933c829b1d32f12c\">\n.flex_column.av-kxa824fa-d648b6ffbed5b8ea933c829b1d32f12c{\nborder-radius:0px 0px 0px 0px;\npadding:0px 0px 0px 0px;\n}\n<\/style>\n<div  class='flex_column av-kxa824fa-d648b6ffbed5b8ea933c829b1d32f12c av_one_full  avia-builder-el-20  avia-builder-el-no-sibling  first flex_column_div av-animated-generic top-to-bottom av-zero-column-padding'     ><style type=\"text\/css\" data-created_by=\"avia_inline_auto\" id=\"style-css-av-kxa7yydb-730cbaa41777d2fe46fa6d59b12fa5fa\">\n#top .av_textblock_section.av-kxa7yydb-730cbaa41777d2fe46fa6d59b12fa5fa .avia_textblock{\nfont-size:24px;\ncolor:#ffffff;\n}\n<\/style>\n<section  class='av_textblock_section av-kxa7yydb-730cbaa41777d2fe46fa6d59b12fa5fa'  ><div class='avia_textblock av_inherit_color' ><p style=\"text-align: center;\">Da novembre fino alla fine dell'anno, l'iscrizione \u00e8 gratuita per le nuove registrazioni.<\/p>\n<\/div><\/section><br \/>\n\n<style type=\"text\/css\" data-created_by=\"avia_inline_auto\" id=\"style-css-av-kxa806bu-1d4b8bcba57d2e8c45d9184493990ebe\">\n.av_font_icon.av-kxa806bu-1d4b8bcba57d2e8c45d9184493990ebe{\ncolor:#ffffff;\nborder-color:#ffffff;\n}\n.avia-svg-icon.av-kxa806bu-1d4b8bcba57d2e8c45d9184493990ebe svg:first-child{\nstroke:#ffffff;\nfill:#ffffff;\n}\n.av_font_icon.av-kxa806bu-1d4b8bcba57d2e8c45d9184493990ebe .av-icon-char{\nfont-size:50px;\nline-height:50px;\n}\n<\/style>\n<span  class='av_font_icon av-kxa806bu-1d4b8bcba57d2e8c45d9184493990ebe avia_animate_when_visible av-icon-style- avia-icon-pos-center avia-iconfont avia-font-entypo-fontello avia-icon-animate'><span class='av-icon-char' data-av_icon='\ue81f' data-av_iconfont='entypo-fontello' aria-hidden=\"true\" ><\/span><\/span><\/p><\/div>\n\n<\/div><\/div><\/div><!-- close content main div --><\/div><\/div><div id='av_section_4'  class='avia-section av-up9f1r-701237a7ba71d6baf303a1d9ee78bc3d alternate_color avia-section-large avia-shadow  avia-builder-el-23  el_after_av_section  avia-builder-el-last  avia-bg-style-scroll container_wrap fullsize'  ><div class='container av-section-cont-open' ><div class='template-page content  av-content-full alpha units'><div class='post-entry post-entry-type-page post-entry-15475'><div class='entry-content-wrapper clearfix'>\n<div class='flex_column_table av-kx4wuvir-c802e533143e576af5925e1f733fd3f9 sc-av_one_full av-equal-height-column-flextable'>\n<style type=\"text\/css\" data-created_by=\"avia_inline_auto\" id=\"style-css-av-kx4wuvir-c802e533143e576af5925e1f733fd3f9\">\n.flex_column.av-kx4wuvir-c802e533143e576af5925e1f733fd3f9{\nborder-radius:0px 0px 0px 0px;\npadding:25px 25px 25px 25px;\n}\n<\/style>\n<div  class='flex_column av-kx4wuvir-c802e533143e576af5925e1f733fd3f9 av_one_full  avia-builder-el-24  avia-builder-el-no-sibling  first flex_column_table_cell av-equal-height-column av-align-top av-animated-generic top-to-bottom'     ><style type=\"text\/css\" data-created_by=\"avia_inline_auto\" id=\"style-css-av-kx7jh5lx-47905f217aa5507ae9fb8625016e2e1d\">\n.av_promobox.av-kx7jh5lx-47905f217aa5507ae9fb8625016e2e1d{\nbackground:#ffffff;\n}\n<\/style>\n<div  class='av_promobox av-kx7jh5lx-47905f217aa5507ae9fb8625016e2e1d avia-button-yes  avia-builder-el-25  avia-builder-el-no-sibling'><div class='avia-promocontent'><\/p>\n<h3>Diventa un membro ora!<\/h3>\n<div class=\"iconbox_content_container\">\n<p>Diventa un membro della nostra associazione professionale e beneficia della nostra esperienza e del nostro supporto professionale.<\/p>\n<\/div>\n<p>\n<\/div><div  class='avia-button-wrap av-kx7jh5lx-d6e8eef10931ecf092575ef42775bee3-wrap avia-button-right'><a href='#formular'  class='avia-button av-kx7jh5lx-d6e8eef10931ecf092575ef42775bee3 av-link-btn avia-icon_select-yes-left-icon avia-size-large avia-position-right avia-color-theme-color'   aria-label=\"registrare\"><span class='avia_button_icon avia_button_icon_left avia-iconfont avia-font-entypo-fontello' data-av_icon='\ue832' data-av_iconfont='entypo-fontello' ><\/span><span class='avia_iconbox_title' >registrare<\/span><\/a><\/div><\/div><\/div><\/div><!--close column table wrapper. Autoclose: 1 -->","protected":false},"excerpt":{"rendered":"","protected":false},"author":1,"featured_media":0,"parent":14727,"menu_order":62,"comment_status":"closed","ping_status":"closed","template":"","meta":{"_seopress_robots_primary_cat":"","_seopress_titles_title":"Die SVAT-Mitgliederbeitr\u00e4ge f\u00fcr die Jahresmitgliedschaft","_seopress_titles_desc":"Die Preistabelle zeigt die Mitgliederbeitr\u00e4ge f\u00fcr Aktivmitglieder, Senioren und Kollektivmitglieder. Studierende bezahlen reduzierte Preise.","_seopress_robots_index":"","footnotes":""},"folder":[],"class_list":["post-15475","page","type-page","status-publish","hentry"],"_links":{"self":[{"href":"https:\/\/svat.ch\/it\/wp-json\/wp\/v2\/pages\/15475","targetHints":{"allow":["GET"]}}],"collection":[{"href":"https:\/\/svat.ch\/it\/wp-json\/wp\/v2\/pages"}],"about":[{"href":"https:\/\/svat.ch\/it\/wp-json\/wp\/v2\/types\/page"}],"author":[{"embeddable":true,"href":"https:\/\/svat.ch\/it\/wp-json\/wp\/v2\/users\/1"}],"replies":[{"embeddable":true,"href":"https:\/\/svat.ch\/it\/wp-json\/wp\/v2\/comments?post=15475"}],"version-history":[{"count":5,"href":"https:\/\/svat.ch\/it\/wp-json\/wp\/v2\/pages\/15475\/revisions"}],"predecessor-version":[{"id":20574,"href":"https:\/\/svat.ch\/it\/wp-json\/wp\/v2\/pages\/15475\/revisions\/20574"}],"up":[{"embeddable":true,"href":"https:\/\/svat.ch\/it\/wp-json\/wp\/v2\/pages\/14727"}],"wp:attachment":[{"href":"https:\/\/svat.ch\/it\/wp-json\/wp\/v2\/media?parent=15475"}],"wp:term":[{"taxonomy":"folder","embeddable":true,"href":"https:\/\/svat.ch\/it\/wp-json\/wp\/v2\/folder?post=15475"}],"curies":[{"name":"wp","href":"https:\/\/api.w.org\/{rel}","templated":true}]}}