{"id":15469,"date":"2021-12-16T14:04:56","date_gmt":"2021-12-16T13:04:56","guid":{"rendered":"https:\/\/svat.aretis.ch\/?page_id=15469"},"modified":"2023-10-06T07:44:01","modified_gmt":"2023-10-06T05:44:01","slug":"uebersicht","status":"publish","type":"page","link":"https:\/\/svat.ch\/it\/mitgliedschaft\/uebersicht\/","title":{"rendered":"Diventa un membro"},"content":{"rendered":"<div id='layer_slider_1'  class='avia-layerslider main_color avia-shadow  avia-builder-el-0  el_before_av_section  avia-builder-el-first  container_wrap fullsize'  style='height: 701px;'  ><\/div>\n\n<style type=\"text\/css\" data-created_by=\"avia_inline_auto\" id=\"style-css-av-30xqkc4-3209b7c59144bdd7887978bf2aff3aa7\">\n.avia-section.av-30xqkc4-3209b7c59144bdd7887978bf2aff3aa7{\nbackground-color:#ffffff;\nbackground-image:unset;\n}\n<\/style>\n<div id='av_section_1'  class='avia-section av-30xqkc4-3209b7c59144bdd7887978bf2aff3aa7 alternate_color avia-section-huge avia-shadow  avia-builder-el-1  el_after_av_layerslider  el_before_av_section  avia-bg-style-scroll container_wrap fullsize'  ><div class='container av-section-cont-open' ><div class='template-page content  av-content-full alpha units'><div class='post-entry post-entry-type-page post-entry-15469'><div class='entry-content-wrapper clearfix'>\n\n<style type=\"text\/css\" data-created_by=\"avia_inline_auto\" id=\"style-css-av-tcmb7x-ec57384402761dbd62ae60719cd52c36\">\n#top .av-special-heading.av-tcmb7x-ec57384402761dbd62ae60719cd52c36{\npadding-bottom:30px;\n}\nbody .av-special-heading.av-tcmb7x-ec57384402761dbd62ae60719cd52c36 .av-special-heading-tag .heading-char{\nfont-size:25px;\n}\n.av-special-heading.av-tcmb7x-ec57384402761dbd62ae60719cd52c36 .av-subheading{\nfont-size:30px;\n}\n<\/style>\n<div  class='av-special-heading av-tcmb7x-ec57384402761dbd62ae60719cd52c36 av-special-heading-h1 blockquote modern-quote modern-centered  avia-builder-el-2  el_before_av_hr  avia-builder-el-first  av-linked-heading'><h1 class='av-special-heading-tag'  >Iscrizione<\/h1><div class='av-subheading av-subheading_below'><p>Diventa un membro di SVAT<\/p>\n<\/div><div class=\"special-heading-border\"><div class=\"special-heading-inner-border\"><\/div><\/div><\/div>\n\n<style type=\"text\/css\" data-created_by=\"avia_inline_auto\" id=\"style-css-av-wmo4xo-2036e54e9507e8f2d908fba66691bc07\">\n#top .hr.av-wmo4xo-2036e54e9507e8f2d908fba66691bc07{\nmargin-top:30px;\nmargin-bottom:30px;\n}\n.hr.av-wmo4xo-2036e54e9507e8f2d908fba66691bc07 .hr-inner{\nwidth:150px;\nborder-color:#cccccc;\nmax-width:45%;\n}\n.hr.av-wmo4xo-2036e54e9507e8f2d908fba66691bc07 .av-seperator-icon{\ncolor:#52ae2f;\n}\n.hr.av-wmo4xo-2036e54e9507e8f2d908fba66691bc07 .av-seperator-icon.avia-svg-icon svg:first-child{\nfill:#52ae2f;\nstroke:#52ae2f;\n}\n<\/style>\n<div  class='hr av-wmo4xo-2036e54e9507e8f2d908fba66691bc07 hr-custom  avia-builder-el-3  el_after_av_heading  el_before_av_one_third  trennlinie_punkt hr-center hr-icon-yes'><span class='hr-inner inner-border-av-border-thin'><span class=\"hr-inner-style\"><\/span><\/span><span class='av-seperator-icon avia-iconfont avia-font-entypo-fontello' data-av_icon='\ue8ae' data-av_iconfont='entypo-fontello' ><\/span><span class='hr-inner inner-border-av-border-thin'><span class=\"hr-inner-style\"><\/span><\/span><\/div>\n<div class='flex_column_table av-kx4wuvir-277984f14134f5973ced20108f1dfa56 sc-av_one_third av-equal-height-column-flextable'>\n<style type=\"text\/css\" data-created_by=\"avia_inline_auto\" id=\"style-css-av-kx4wuvir-277984f14134f5973ced20108f1dfa56\">\n.flex_column.av-kx4wuvir-277984f14134f5973ced20108f1dfa56{\nborder-width:1px;\nborder-style:solid;\nborder-radius:0px 0px 0px 0px;\npadding:25px 25px 25px 25px;\nbackground-color:#f9f9f9;\n}\n<\/style>\n<div  class='flex_column av-kx4wuvir-277984f14134f5973ced20108f1dfa56 av_one_third  avia-builder-el-4  el_after_av_hr  el_before_av_one_third  first flex_column_table_cell av-equal-height-column av-align-top'     ><p><article  class='iconbox iconbox_left av-kx4wwzsi-e667ca8fe20ad4dc5369c613bf481127  avia-builder-el-5  el_before_av_button  avia-builder-el-first' ><div class=\"iconbox_content\"><header class=\"entry-content-header\" aria-label=\"Icona: i vostri vantaggi\"><div class='iconbox_icon heading-color avia-iconfont avia-font-entypo-fontello' data-av_icon='\ue82b' data-av_iconfont='entypo-fontello'  ><\/div><h3 class='iconbox_content_title' >I vostri vantaggi<\/h3><\/header><div class='iconbox_content_container' ><p>Diventa un membro della nostra associazione professionale e beneficia della nostra esperienza e del nostro supporto professionale. Informazioni sull'adesione e sulle tariffe.<\/p>\n<\/div><\/div><footer class=\"entry-footer\"><\/footer><\/article><br \/>\n<div  class='avia-button-wrap av-kx4wz2jf-c55a92b4de943d129580acfb38ec24a9-wrap avia-button-left  avia-builder-el-6  el_after_av_icon_box  avia-builder-el-last'><a href='https:\/\/svat.ch\/it\/mitgliedschaft\/ihre-vorteile\/'  class='avia-button av-kx4wz2jf-c55a92b4de943d129580acfb38ec24a9 av-link-btn avia-icon_select-yes-left-icon avia-size-large avia-position-left avia-color-theme-color'   aria-label=\"Pi\u00f9 informazioni\"><span class='avia_button_icon avia_button_icon_left avia-iconfont avia-font-entypo-fontello' data-av_icon='\ue832' data-av_iconfont='entypo-fontello' ><\/span><span class='avia_iconbox_title' >Pi\u00f9 informazioni<\/span><\/a><\/div><\/p><\/div><div class='av-flex-placeholder'><\/div>\n<style type=\"text\/css\" data-created_by=\"avia_inline_auto\" id=\"style-css-av-kx4wuvir-cf73ed7e568f2e60d5008d3fbd24dc19\">\n.flex_column.av-kx4wuvir-cf73ed7e568f2e60d5008d3fbd24dc19{\nborder-width:1px;\nborder-style:solid;\nborder-radius:0px 0px 0px 0px;\npadding:25px 25px 25px 25px;\nbackground-color:#f9f9f9;\n}\n<\/style>\n<div  class='flex_column av-kx4wuvir-cf73ed7e568f2e60d5008d3fbd24dc19 av_one_third  avia-builder-el-7  el_after_av_one_third  el_before_av_one_third  flex_column_table_cell av-equal-height-column av-align-top'     ><p><article  class='iconbox iconbox_left av-kx4wwzsi-746ab255ea9a44d648e46a35817c4b76  avia-builder-el-8  el_before_av_button  avia-builder-el-first' ><div class=\"iconbox_content\"><header class=\"entry-content-header\" aria-label=\"Icona: Quota associativa\"><div class='iconbox_icon heading-color avia-iconfont avia-font-entypo-fontello' data-av_icon='\ue8cf' data-av_iconfont='entypo-fontello'  ><\/div><h3 class='iconbox_content_title' >Tassa d'iscrizione<\/h3><\/header><div class='iconbox_content_container' ><p>Le quote associative sono scaglionate in base al tipo di appartenenza. \u00c8 possibile diventare membro come individuo (attivo, passivo, senior) o come istituzione. I membri collettivi hanno diritti limitati: nessun diritto di voto, nessun beneficio per la formazione continua, restrizioni sui servizi.<\/p>\n<\/div><\/div><footer class=\"entry-footer\"><\/footer><\/article><br \/>\n<div  class='avia-button-wrap av-kx4wz2jf-637c14a1c7961cf5d40e55a0b2fba9c7-wrap avia-button-left  avia-builder-el-9  el_after_av_icon_box  avia-builder-el-last'><a href='https:\/\/svat.ch\/it\/mitgliedschaft\/mitgliederbeitrag\/'  class='avia-button av-kx4wz2jf-637c14a1c7961cf5d40e55a0b2fba9c7 av-link-btn avia-icon_select-yes-left-icon avia-size-large avia-position-left avia-color-theme-color'   aria-label=\"Pi\u00f9 informazioni\"><span class='avia_button_icon avia_button_icon_left avia-iconfont avia-font-entypo-fontello' data-av_icon='\ue832' data-av_iconfont='entypo-fontello' ><\/span><span class='avia_iconbox_title' >Pi\u00f9 informazioni<\/span><\/a><\/div><\/p><\/div><div class='av-flex-placeholder'><\/div>\n<style type=\"text\/css\" data-created_by=\"avia_inline_auto\" id=\"style-css-av-kx4wuvir-cf73ed7e568f2e60d5008d3fbd24dc19\">\n.flex_column.av-kx4wuvir-cf73ed7e568f2e60d5008d3fbd24dc19{\nborder-width:1px;\nborder-style:solid;\nborder-radius:0px 0px 0px 0px;\npadding:25px 25px 25px 25px;\nbackground-color:#f9f9f9;\n}\n<\/style>\n<div  class='flex_column av-kx4wuvir-cf73ed7e568f2e60d5008d3fbd24dc19 av_one_third  avia-builder-el-10  el_after_av_one_third  avia-builder-el-last  flex_column_table_cell av-equal-height-column av-align-top'     ><p><article  class='iconbox iconbox_left av-kx4wwzsi-a0fe337bef428d2c30792992377b9074  avia-builder-el-11  el_before_av_button  avia-builder-el-first' ><div class=\"iconbox_content\"><header class=\"entry-content-header\" aria-label=\"Icona: Statuti\"><div class='iconbox_icon heading-color avia-iconfont avia-font-entypo-fontello' data-av_icon='\ue84d' data-av_iconfont='entypo-fontello'  ><\/div><h3 class='iconbox_content_title' >Statuti<\/h3><\/header><div class='iconbox_content_container' ><p>Gli statuti costituiscono la base giuridica e le condizioni quadro per la gestione dell'\"Associazione professionale svizzera degli specialisti dell'attivazione\".<\/p>\n<\/div><\/div><footer class=\"entry-footer\"><\/footer><\/article><br \/>\n<div  class='avia-button-wrap av-kx4wz2jf-cd74d6b93bbaaad9f9dfd431a4c1d55c-wrap avia-button-left  avia-builder-el-12  el_after_av_icon_box  avia-builder-el-last'><a href='https:\/\/svat.ch\/it\/mitgliedschaft\/statuten\/'  class='avia-button av-kx4wz2jf-cd74d6b93bbaaad9f9dfd431a4c1d55c av-link-btn avia-icon_select-yes-left-icon avia-size-large avia-position-left avia-color-theme-color'   aria-label=\"Pi\u00f9 informazioni\"><span class='avia_button_icon avia_button_icon_left avia-iconfont avia-font-entypo-fontello' data-av_icon='\ue832' data-av_iconfont='entypo-fontello' ><\/span><span class='avia_iconbox_title' >Pi\u00f9 informazioni<\/span><\/a><\/div><\/p><\/div><\/div><!--close column table wrapper. Autoclose: 1 --><\/div><\/div><\/div><!-- close content main div --><\/div><\/div><div id='formular'  class='avia-section av-kx7tz7cx-667b769a8b28a971207de6fa93f45431 alternate_color avia-section-huge avia-shadow  avia-builder-el-13  el_after_av_section  el_before_av_masonry_gallery  avia-bg-style-parallax container_wrap fullsize'  ><div class='container av-section-cont-open' ><div class='template-page content  av-content-full alpha units'><div class='post-entry post-entry-type-page post-entry-15469'><div class='entry-content-wrapper clearfix'>\n<div class='flex_column_table av-kx4wuvir-a819011ea198dabde0675dc94d98dd5f sc-av_one_third av-equal-height-column-flextable'>\n<style type=\"text\/css\" data-created_by=\"avia_inline_auto\" id=\"style-css-av-kx4wuvir-a819011ea198dabde0675dc94d98dd5f\">\n.flex_column.av-kx4wuvir-a819011ea198dabde0675dc94d98dd5f{\nborder-radius:0px 0px 0px 0px;\npadding:0 0 0 0;\n}\n<\/style>\n<div  class='flex_column av-kx4wuvir-a819011ea198dabde0675dc94d98dd5f av_one_third  avia-builder-el-14  el_before_av_two_third  avia-builder-el-first  first flex_column_table_cell av-equal-height-column av-align-top av-animated-generic pop-up av-zero-column-padding'     ><p>\n<style type=\"text\/css\" data-created_by=\"avia_inline_auto\" id=\"style-css-av-wzf8tp-ebb949580143ce81e0ef86c0a07f7f39\">\n#top .av-special-heading.av-wzf8tp-ebb949580143ce81e0ef86c0a07f7f39{\npadding-bottom:10px;\n}\nbody .av-special-heading.av-wzf8tp-ebb949580143ce81e0ef86c0a07f7f39 .av-special-heading-tag .heading-char{\nfont-size:25px;\n}\n.av-special-heading.av-wzf8tp-ebb949580143ce81e0ef86c0a07f7f39 .av-subheading{\nfont-size:15px;\n}\n<\/style>\n<div  class='av-special-heading av-wzf8tp-ebb949580143ce81e0ef86c0a07f7f39 av-special-heading-h3 custom-color-heading blockquote modern-quote  avia-builder-el-15  el_before_av_hr  avia-builder-el-first'><h3 class='av-special-heading-tag'  >Membro della SVAT<\/h3><div class=\"special-heading-border\"><div class=\"special-heading-inner-border\"><\/div><\/div><\/div><br \/>\n\n<style type=\"text\/css\" data-created_by=\"avia_inline_auto\" id=\"style-css-av-k7vomddf-98ec063dddc75e888a1e2f1ad5fb1549\">\n#top .hr.av-k7vomddf-98ec063dddc75e888a1e2f1ad5fb1549{\nmargin-top:10px;\nmargin-bottom:20px;\n}\n.hr.av-k7vomddf-98ec063dddc75e888a1e2f1ad5fb1549 .hr-inner{\nwidth:130px;\nborder-color:#cccccc;\n}\n<\/style>\n<div  class='hr av-k7vomddf-98ec063dddc75e888a1e2f1ad5fb1549 hr-custom  avia-builder-el-16  el_after_av_heading  el_before_av_textblock  hr-left hr-icon-no'><span class='hr-inner inner-border-av-border-thin'><span class=\"hr-inner-style\"><\/span><\/span><\/div><br \/>\n<section  class='av_textblock_section av-kx7u1jnt-579407154da778ae44be96f218ba385a'  ><div class='avia_textblock' ><p><span class='av_dropcap1 av-av_dropcap1-3cd9da5fea0ef5fb27aee617571c39a3'>P<\/span>rofittare della nostra esperienza e del supporto professionale che ricevete attraverso l'adesione.<\/p>\n<p>Come parte dell'associazione professionale, hai l'opportunit\u00e0 di modellare attivamente l'ulteriore sviluppo della professione.<\/p>\n<p>Beneficiate di una vasta gamma di servizi e ricevete regolarmente informazioni sugli attuali sviluppi della professione. Siamo impegnati con le vostre preoccupazioni e non vediamo l'ora di plasmare il futuro della professione insieme a voi.<\/p>\n<\/div><\/section><br \/>\n\n<style type=\"text\/css\" data-created_by=\"avia_inline_auto\" id=\"style-css-av-k7vomddf-98ec063dddc75e888a1e2f1ad5fb1549\">\n#top .hr.av-k7vomddf-98ec063dddc75e888a1e2f1ad5fb1549{\nmargin-top:10px;\nmargin-bottom:20px;\n}\n.hr.av-k7vomddf-98ec063dddc75e888a1e2f1ad5fb1549 .hr-inner{\nwidth:130px;\nborder-color:#cccccc;\n}\n<\/style>\n<div  class='hr av-k7vomddf-98ec063dddc75e888a1e2f1ad5fb1549 hr-custom  avia-builder-el-18  el_after_av_textblock  el_before_av_button  hr-left hr-icon-no'><span class='hr-inner inner-border-av-border-thin'><span class=\"hr-inner-style\"><\/span><\/span><\/div><br \/>\n<div  class='avia-button-wrap av-1g7t1qv-da08501bd62c673f9d85b95ab468cd71-wrap avia-button-left  avia-builder-el-19  el_after_av_hr  avia-builder-el-last'><a href='https:\/\/svat.ch\/it\/kontakt\/kontaktieren-sie-uns\/'  class='avia-button av-1g7t1qv-da08501bd62c673f9d85b95ab468cd71 av-link-btn avia-icon_select-yes-left-icon avia-size-large avia-position-left avia-color-theme-color'   aria-label=\"Contattateci\"><span class='avia_button_icon avia_button_icon_left avia-iconfont avia-font-entypo-fontello' data-av_icon='\ue832' data-av_iconfont='entypo-fontello' ><\/span><span class='avia_iconbox_title' >Contattateci<\/span><\/a><\/div><\/p><\/div><div class='av-flex-placeholder'><\/div>\n<style type=\"text\/css\" data-created_by=\"avia_inline_auto\" id=\"style-css-av-kx4wuvir-38ecb2f3b6a347338df5f6d94c0e38a5\">\n.flex_column.av-kx4wuvir-38ecb2f3b6a347338df5f6d94c0e38a5{\nborder-radius:0px 0px 0px 0px;\npadding:0 0 0 0;\n}\n<\/style>\n<div  class='flex_column av-kx4wuvir-38ecb2f3b6a347338df5f6d94c0e38a5 av_two_third  avia-builder-el-20  el_after_av_one_third  avia-builder-el-last  flex_column_table_cell av-equal-height-column av-align-top av-animated-generic pop-up av-zero-column-padding'     ><p>\n<style type=\"text\/css\" data-created_by=\"avia_inline_auto\" id=\"style-css-av-l0ial1ol-db6186ef52ecbc9caaaed89d9a554fc5\">\n#top .av-special-heading.av-l0ial1ol-db6186ef52ecbc9caaaed89d9a554fc5{\npadding-bottom:10px;\n}\nbody .av-special-heading.av-l0ial1ol-db6186ef52ecbc9caaaed89d9a554fc5 .av-special-heading-tag .heading-char{\nfont-size:25px;\n}\n.av-special-heading.av-l0ial1ol-db6186ef52ecbc9caaaed89d9a554fc5 .av-subheading{\nfont-size:15px;\n}\n<\/style>\n<div  class='av-special-heading av-l0ial1ol-db6186ef52ecbc9caaaed89d9a554fc5 av-special-heading-h3 custom-color-heading blockquote modern-quote  avia-builder-el-21  el_before_av_hr  avia-builder-el-first'><h3 class='av-special-heading-tag'  >Registrazione dei membri<\/h3><div class=\"special-heading-border\"><div class=\"special-heading-inner-border\"><\/div><\/div><\/div><br \/>\n\n<style type=\"text\/css\" data-created_by=\"avia_inline_auto\" id=\"style-css-av-k7vomddf-98ec063dddc75e888a1e2f1ad5fb1549\">\n#top .hr.av-k7vomddf-98ec063dddc75e888a1e2f1ad5fb1549{\nmargin-top:10px;\nmargin-bottom:20px;\n}\n.hr.av-k7vomddf-98ec063dddc75e888a1e2f1ad5fb1549 .hr-inner{\nwidth:130px;\nborder-color:#cccccc;\n}\n<\/style>\n<div  class='hr av-k7vomddf-98ec063dddc75e888a1e2f1ad5fb1549 hr-custom  avia-builder-el-22  el_after_av_heading  el_before_av_codeblock  hr-left hr-icon-no'><span class='hr-inner inner-border-av-border-thin'><span class=\"hr-inner-style\"><\/span><\/span><\/div><br \/>\n<\/p><\/div><\/div><!--close column table wrapper. Autoclose: 1 -->\n<\/p>\n\n<style type=\"text\/css\" data-created_by=\"avia_inline_auto\" id=\"style-css-av-my9g87-b50c92d661792a5c0a8e7542b55734b8\">\n#top .av-masonry.av-my9g87-b50c92d661792a5c0a8e7542b55734b8{\nbackground-color:#d3d3d3;\n}\n<\/style>\n<div id='av-masonry-1' class='av-masonry av-my9g87-b50c92d661792a5c0a8e7542b55734b8 noHover av-fixed-size av-large-gap av-hover-overlay- av-masonry-animation-active av-masonry-col-4 av-caption-on-hover av-caption-style- av-masonry-gallery av-medium-columns-overwrite av-medium-columns-2 av-small-columns-overwrite av-small-columns-2 av-mini-columns-overwrite av-mini-columns-1' data-post_id=\"15469\"><div class=\"av-masonry-container isotope av-js-disabled\"><div class='av-masonry-entry isotope-item av-masonry-item-no-image'><\/div><a href=\"https:\/\/svat.ch\/wp-content\/uploads\/mitgliedschaft_masonry1.jpg\" data-srcset=\"https:\/\/svat.ch\/wp-content\/uploads\/mitgliedschaft_masonry1.jpg 1000w, https:\/\/svat.ch\/wp-content\/uploads\/mitgliedschaft_masonry1-300x225.jpg 300w, https:\/\/svat.ch\/wp-content\/uploads\/mitgliedschaft_masonry1-768x576.jpg 768w, https:\/\/svat.ch\/wp-content\/uploads\/mitgliedschaft_masonry1-705x529.jpg 705w\" data-sizes=\"(max-width: 1000px) 100vw, 1000px\"  aria-label=\"immagine immagine senza titolo\"  id='av-masonry-1-item-15858' data-av-masonry-item='15858' class='av-masonry-entry isotope-item post-15858 attachment type-attachment status-inherit hentry  av-masonry-item-with-image' title=\"\" alt=\"\"   ><div class='av-inner-masonry-sizer'><\/div><figure class='av-inner-masonry main_color'><div class=\"av-masonry-outerimage-container\"><div class='av-masonry-image-container' style=\"background-image: url(https:\/\/svat.ch\/wp-content\/uploads\/mitgliedschaft_masonry1-705x529.jpg);\" ><\/div><\/div><\/figure><\/a><!--end av-masonry entry--><a href=\"https:\/\/svat.ch\/wp-content\/uploads\/mitgliedschaft_masonry2.jpg\" data-srcset=\"https:\/\/svat.ch\/wp-content\/uploads\/mitgliedschaft_masonry2.jpg 1000w, https:\/\/svat.ch\/wp-content\/uploads\/mitgliedschaft_masonry2-300x200.jpg 300w, https:\/\/svat.ch\/wp-content\/uploads\/mitgliedschaft_masonry2-768x512.jpg 768w, https:\/\/svat.ch\/wp-content\/uploads\/mitgliedschaft_masonry2-705x470.jpg 705w\" data-sizes=\"(max-width: 1000px) 100vw, 1000px\"  aria-label=\"immagine immagine senza titolo\"  id='av-masonry-1-item-15857' data-av-masonry-item='15857' class='av-masonry-entry isotope-item post-15857 attachment type-attachment status-inherit hentry  av-masonry-item-with-image' title=\"\" alt=\"\"   ><div class='av-inner-masonry-sizer'><\/div><figure class='av-inner-masonry main_color'><div class=\"av-masonry-outerimage-container\"><div class='av-masonry-image-container' style=\"background-image: url(https:\/\/svat.ch\/wp-content\/uploads\/mitgliedschaft_masonry2-705x470.jpg);\" ><\/div><\/div><\/figure><\/a><!--end av-masonry entry--><a href=\"https:\/\/svat.ch\/wp-content\/uploads\/mitgliedschaft_masonry3.jpg\" data-srcset=\"https:\/\/svat.ch\/wp-content\/uploads\/mitgliedschaft_masonry3.jpg 1000w, https:\/\/svat.ch\/wp-content\/uploads\/mitgliedschaft_masonry3-300x200.jpg 300w, https:\/\/svat.ch\/wp-content\/uploads\/mitgliedschaft_masonry3-768x512.jpg 768w, https:\/\/svat.ch\/wp-content\/uploads\/mitgliedschaft_masonry3-705x470.jpg 705w\" data-sizes=\"(max-width: 1000px) 100vw, 1000px\"  aria-label=\"immagine immagine senza titolo\"  id='av-masonry-1-item-15856' data-av-masonry-item='15856' class='av-masonry-entry isotope-item post-15856 attachment type-attachment status-inherit hentry  av-masonry-item-with-image' title=\"\" alt=\"\"   ><div class='av-inner-masonry-sizer'><\/div><figure class='av-inner-masonry main_color'><div class=\"av-masonry-outerimage-container\"><div class='av-masonry-image-container' style=\"background-image: url(https:\/\/svat.ch\/wp-content\/uploads\/mitgliedschaft_masonry3-705x470.jpg);\" ><\/div><\/div><\/figure><\/a><!--end av-masonry entry--><a href=\"https:\/\/svat.ch\/wp-content\/uploads\/mitgliedschaft_masonry4-1.jpg\" data-srcset=\"https:\/\/svat.ch\/wp-content\/uploads\/mitgliedschaft_masonry4-1.jpg 1000w, https:\/\/svat.ch\/wp-content\/uploads\/mitgliedschaft_masonry4-1-300x200.jpg 300w, https:\/\/svat.ch\/wp-content\/uploads\/mitgliedschaft_masonry4-1-768x512.jpg 768w, https:\/\/svat.ch\/wp-content\/uploads\/mitgliedschaft_masonry4-1-705x470.jpg 705w\" data-sizes=\"(max-width: 1000px) 100vw, 1000px\"  aria-label=\"immagine immagine senza titolo\"  id='av-masonry-1-item-15859' data-av-masonry-item='15859' class='av-masonry-entry isotope-item post-15859 attachment type-attachment status-inherit hentry  av-masonry-item-with-image' title=\"\" alt=\"\"   ><div class='av-inner-masonry-sizer'><\/div><figure class='av-inner-masonry main_color'><div class=\"av-masonry-outerimage-container\"><div class='av-masonry-image-container' style=\"background-image: url(https:\/\/svat.ch\/wp-content\/uploads\/mitgliedschaft_masonry4-1-705x470.jpg);\" ><\/div><\/div><\/figure><\/a><!--end av-masonry entry--><\/div><\/div>","protected":false},"excerpt":{"rendered":"","protected":false},"author":1,"featured_media":0,"parent":14727,"menu_order":59,"comment_status":"closed","ping_status":"closed","template":"","meta":{"_seopress_robots_primary_cat":"","_seopress_titles_title":"Werden Sie SVAT-Mitglied - Berufsverband f\u00fcr Aktivierungsfachpersonen","_seopress_titles_desc":"Wir unterst\u00fctzen in unserem Berufsverband die Mitglieder mit fachlichen Ratschl\u00e4gen. Sie profitieren von unserem Fachwissen und der beruflichen Unterst\u00fctzung.","_seopress_robots_index":"","footnotes":""},"folder":[],"class_list":["post-15469","page","type-page","status-publish","hentry"],"_links":{"self":[{"href":"https:\/\/svat.ch\/it\/wp-json\/wp\/v2\/pages\/15469","targetHints":{"allow":["GET"]}}],"collection":[{"href":"https:\/\/svat.ch\/it\/wp-json\/wp\/v2\/pages"}],"about":[{"href":"https:\/\/svat.ch\/it\/wp-json\/wp\/v2\/types\/page"}],"author":[{"embeddable":true,"href":"https:\/\/svat.ch\/it\/wp-json\/wp\/v2\/users\/1"}],"replies":[{"embeddable":true,"href":"https:\/\/svat.ch\/it\/wp-json\/wp\/v2\/comments?post=15469"}],"version-history":[{"count":5,"href":"https:\/\/svat.ch\/it\/wp-json\/wp\/v2\/pages\/15469\/revisions"}],"predecessor-version":[{"id":20567,"href":"https:\/\/svat.ch\/it\/wp-json\/wp\/v2\/pages\/15469\/revisions\/20567"}],"up":[{"embeddable":true,"href":"https:\/\/svat.ch\/it\/wp-json\/wp\/v2\/pages\/14727"}],"wp:attachment":[{"href":"https:\/\/svat.ch\/it\/wp-json\/wp\/v2\/media?parent=15469"}],"wp:term":[{"taxonomy":"folder","embeddable":true,"href":"https:\/\/svat.ch\/it\/wp-json\/wp\/v2\/folder?post=15469"}],"curies":[{"name":"wp","href":"https:\/\/api.w.org\/{rel}","templated":true}]}}