{"id":15370,"date":"2021-12-16T11:40:24","date_gmt":"2021-12-16T10:40:24","guid":{"rendered":"https:\/\/svat.aretis.ch\/?page_id=15370"},"modified":"2022-10-19T09:02:16","modified_gmt":"2022-10-19T07:02:16","slug":"rahmenlehrplan","status":"publish","type":"page","link":"https:\/\/svat.ch\/it\/rund-um-den-beruf\/rahmenlehrplan\/","title":{"rendered":"Curriculum quadro"},"content":{"rendered":"<style type=\"text\/css\" data-created_by=\"avia_inline_auto\" id=\"style-css-av-30xqkc4-3209b7c59144bdd7887978bf2aff3aa7\">\n.avia-section.av-30xqkc4-3209b7c59144bdd7887978bf2aff3aa7{\nbackground-color:#ffffff;\nbackground-image:unset;\n}\n<\/style>\n<div id='av_section_1'  class='avia-section av-30xqkc4-3209b7c59144bdd7887978bf2aff3aa7 alternate_color avia-section-huge avia-shadow  avia-builder-el-0  el_before_av_section  avia-builder-el-first  avia-bg-style-scroll container_wrap fullsize'  ><div class='container av-section-cont-open' ><main  class='template-page content  av-content-full alpha units'><div class='post-entry post-entry-type-page post-entry-15370'><div class='entry-content-wrapper clearfix'>\n\n<style type=\"text\/css\" data-created_by=\"avia_inline_auto\" id=\"style-css-av-kxbqbg6z-90bfa15b24bacedc76c9323df358af2f\">\n#top .av-special-heading.av-kxbqbg6z-90bfa15b24bacedc76c9323df358af2f{\npadding-bottom:30px;\n}\nbody .av-special-heading.av-kxbqbg6z-90bfa15b24bacedc76c9323df358af2f .av-special-heading-tag .heading-char{\nfont-size:25px;\n}\n.av-special-heading.av-kxbqbg6z-90bfa15b24bacedc76c9323df358af2f .av-subheading{\nfont-size:30px;\n}\n<\/style>\n<div  class='av-special-heading av-kxbqbg6z-90bfa15b24bacedc76c9323df358af2f av-special-heading-h1 blockquote modern-quote modern-centered  avia-builder-el-1  el_before_av_hr  avia-builder-el-first  av-linked-heading'><h1 class='av-special-heading-tag'  >Curriculum quadro<\/h1><div class='av-subheading av-subheading_below'><p>Corsi negli istituti tecnici superiori<\/p>\n<\/div><div class=\"special-heading-border\"><div class=\"special-heading-inner-border\"><\/div><\/div><\/div>\n\n<style type=\"text\/css\" data-created_by=\"avia_inline_auto\" id=\"style-css-av-wmo4xo-2036e54e9507e8f2d908fba66691bc07\">\n#top .hr.av-wmo4xo-2036e54e9507e8f2d908fba66691bc07{\nmargin-top:30px;\nmargin-bottom:30px;\n}\n.hr.av-wmo4xo-2036e54e9507e8f2d908fba66691bc07 .hr-inner{\nwidth:150px;\nborder-color:#cccccc;\nmax-width:45%;\n}\n.hr.av-wmo4xo-2036e54e9507e8f2d908fba66691bc07 .av-seperator-icon{\ncolor:#52ae2f;\n}\n.hr.av-wmo4xo-2036e54e9507e8f2d908fba66691bc07 .av-seperator-icon.avia-svg-icon svg:first-child{\nfill:#52ae2f;\nstroke:#52ae2f;\n}\n<\/style>\n<div  class='hr av-wmo4xo-2036e54e9507e8f2d908fba66691bc07 hr-custom  avia-builder-el-2  el_after_av_heading  el_before_av_one_half  trennlinie_punkt hr-center hr-icon-yes'><span class='hr-inner inner-border-av-border-thin'><span class=\"hr-inner-style\"><\/span><\/span><span class='av-seperator-icon avia-iconfont avia-font-entypo-fontello' data-av_icon='\ue8ae' data-av_iconfont='entypo-fontello' ><\/span><span class='hr-inner inner-border-av-border-thin'><span class=\"hr-inner-style\"><\/span><\/span><\/div>\n<div class='flex_column_table av-kx4wuvir-277984f14134f5973ced20108f1dfa56 sc-av_one_half av-equal-height-column-flextable'>\n<style type=\"text\/css\" data-created_by=\"avia_inline_auto\" id=\"style-css-av-kx4wuvir-277984f14134f5973ced20108f1dfa56\">\n.flex_column.av-kx4wuvir-277984f14134f5973ced20108f1dfa56{\nborder-width:1px;\nborder-style:solid;\nborder-radius:0px 0px 0px 0px;\npadding:25px 25px 25px 25px;\nbackground-color:#f9f9f9;\n}\n<\/style>\n<div  class='flex_column av-kx4wuvir-277984f14134f5973ced20108f1dfa56 av_one_half  avia-builder-el-3  el_after_av_hr  el_before_av_one_half  first flex_column_table_cell av-equal-height-column av-align-top'     ><article  class='iconbox iconbox_left av-kx4wwzsi-d1512d0017f2a62e7ed7f36bb999ac5d  avia-builder-el-4  avia-builder-el-no-sibling' ><div class=\"iconbox_content\"><header class=\"entry-content-header\" aria-label=\"Icona: Specifiche della rilegatura\"><div class='iconbox_icon heading-color avia-iconfont avia-font-entypo-fontello' data-av_icon='\ue823' data-av_iconfont='entypo-fontello'  ><\/div><h3 class='iconbox_content_title' >Specifica di rilegatura<\/h3><\/header><div class='iconbox_content_container' ><p>Il curriculum quadro \u00e8 la linea guida vincolante per lo sviluppo dei corsi di formazione. Definisce le responsabilit\u00e0 dei partner educativi, determina l'organizzazione della formazione, descrive le competenze da acquisire sulla base del profilo professionale e regola la procedura di qualificazione.<\/p>\n<\/div><\/div><footer class=\"entry-footer\"><\/footer><\/article><\/div><div class='av-flex-placeholder'><\/div>\n<style type=\"text\/css\" data-created_by=\"avia_inline_auto\" id=\"style-css-av-kx4wuvir-3-d0173684a7ba47fafeac153f96cd48f3\">\n.flex_column.av-kx4wuvir-3-d0173684a7ba47fafeac153f96cd48f3{\nborder-width:1px;\nborder-style:solid;\nborder-radius:0px 0px 0px 0px;\npadding:25px 25px 25px 25px;\nbackground-color:#f9f9f9;\n}\n<\/style>\n<div  class='flex_column av-kx4wuvir-3-d0173684a7ba47fafeac153f96cd48f3 av_one_half  avia-builder-el-5  el_after_av_one_half  avia-builder-el-last  flex_column_table_cell av-equal-height-column av-align-top'     ><article  class='iconbox iconbox_left av-kx4wwzsi-2-4a8a92f63b49003a1ab7f747ae51ad58  avia-builder-el-6  avia-builder-el-no-sibling' ><div class=\"iconbox_content\"><header class=\"entry-content-header\" aria-label=\"Icona: Posizionamento\"><div class='iconbox_icon heading-color avia-iconfont avia-font-entypo-fontello' data-av_icon='\ue842' data-av_iconfont='entypo-fontello'  ><\/div><h3 class='iconbox_content_title' >Posizionamento<\/h3><\/header><div class='iconbox_content_container' ><p>La formazione per diventare uno specialista in attivazione certificato HF \u00e8 posizionata al livello terziario B e si basa su una qualifica di livello secondario superiore (attestato federale di capacit\u00e0, diploma professionale o di scuola secondaria superiore riconosciuto a livello federale, diploma di scuola tecnica superiore).<\/p>\n<\/div><\/div><footer class=\"entry-footer\"><\/footer><\/article><\/div><\/div><!--close column table wrapper. Autoclose: 1 --><\/div><\/div><\/main><!-- close content main element --><\/div><\/div>\n<style type=\"text\/css\" data-created_by=\"avia_inline_auto\" id=\"style-css-av-kx8xfnmf-4d17190fb422a08db865d31d93481022\">\n.avia-section.av-kx8xfnmf-4d17190fb422a08db865d31d93481022 .av-parallax .av-parallax-inner{\nbackground-repeat:no-repeat;\nbackground-image:url(https:\/\/svat.ch\/wp-content\/uploads\/rahmenlehrplan_parallax.jpg);\nbackground-position:50% 50%;\nbackground-attachment:scroll;\n}\n.avia-section.av-kx8xfnmf-4d17190fb422a08db865d31d93481022 .av-section-color-overlay{\nopacity:0.6;\nbackground-color:#000000;\n}\n<\/style>\n<div id='av_section_2'  class='avia-section av-kx8xfnmf-4d17190fb422a08db865d31d93481022 main_color avia-section-huge avia-no-border-styling  avia-builder-el-7  el_after_av_section  avia-builder-el-last  av-parallax-section avia-bg-style-parallax av-section-color-overlay-active av-minimum-height av-minimum-height-50 av-height-50  container_wrap fullsize'  data-section-bg-repeat='no-repeat' data-av_minimum_height_pc='50' data-av_min_height_opt='50'><div class='av-parallax' data-avia-parallax-ratio='0.3' ><div class='av-parallax-inner main_color avia-full-stretch'><\/div><\/div><div class=\"av-section-color-overlay-wrap\"><div class=\"av-section-color-overlay\"><\/div><div class='container av-section-cont-open' ><div class='template-page content  av-content-full alpha units'><div class='post-entry post-entry-type-page post-entry-15370'><div class='entry-content-wrapper clearfix'>\n\n<style type=\"text\/css\" data-created_by=\"avia_inline_auto\" id=\"style-css-av-3wc756-9f2fca0c9129d3022b0bcd94e14fa76d\">\n.flex_column.av-3wc756-9f2fca0c9129d3022b0bcd94e14fa76d{\nborder-radius:0px 0px 0px 0px;\npadding:0px 0px 0px 0px;\n}\n<\/style>\n<div  class='flex_column av-3wc756-9f2fca0c9129d3022b0bcd94e14fa76d av_two_third  avia-builder-el-8  el_before_av_one_third  avia-builder-el-first  first flex_column_div av-zero-column-padding'     ><p>\n<style type=\"text\/css\" data-created_by=\"avia_inline_auto\" id=\"style-css-av-8rega-6eb66f90c7091b311c03c0e31b7dd29b\">\n#top .av-special-heading.av-8rega-6eb66f90c7091b311c03c0e31b7dd29b{\npadding-bottom:10px;\ncolor:#ffffff;\n}\nbody .av-special-heading.av-8rega-6eb66f90c7091b311c03c0e31b7dd29b .av-special-heading-tag .heading-char{\nfont-size:25px;\n}\n.av-special-heading.av-8rega-6eb66f90c7091b311c03c0e31b7dd29b .special-heading-inner-border{\nborder-color:#ffffff;\n}\n.av-special-heading.av-8rega-6eb66f90c7091b311c03c0e31b7dd29b .av-subheading{\nfont-size:15px;\n}\n<\/style>\n<div  class='av-special-heading av-8rega-6eb66f90c7091b311c03c0e31b7dd29b av-special-heading-h3 custom-color-heading  avia-builder-el-9  el_before_av_textblock  avia-builder-el-first'><h3 class='av-special-heading-tag'  >Curriculum quadro per l'attivazione dell'HF<\/h3><div class=\"special-heading-border\"><div class=\"special-heading-inner-border\"><\/div><\/div><\/div><br \/>\n\n<style type=\"text\/css\" data-created_by=\"avia_inline_auto\" id=\"style-css-av-kx8xhd6b-fbe1be962fa3e81293abcf5248aa6a00\">\n#top .av_textblock_section.av-kx8xhd6b-fbe1be962fa3e81293abcf5248aa6a00 .avia_textblock{\nfont-size:17px;\ncolor:#ffffff;\n}\n<\/style>\n<section  class='av_textblock_section av-kx8xhd6b-fbe1be962fa3e81293abcf5248aa6a00'  ><div class='avia_textblock av_inherit_color' ><p>Il curriculum quadro per l'attivazione dell'HF e ulteriori informazioni dalla commissione di sviluppo possono essere trovate sul sito web di OdA Sant\u00e9 (Organizzazione nazionale ombrello delle professioni sanitarie).<\/p>\n<\/div><\/section><\/p><\/div>\n<style type=\"text\/css\" data-created_by=\"avia_inline_auto\" id=\"style-css-av-krz756-be24c835af090b8f7d10dd90fbc2ec69\">\n.flex_column.av-krz756-be24c835af090b8f7d10dd90fbc2ec69{\nborder-radius:0px 0px 0px 0px;\npadding:0px 0px 0px 0px;\n}\n<\/style>\n<div  class='flex_column av-krz756-be24c835af090b8f7d10dd90fbc2ec69 av_one_third  avia-builder-el-11  el_after_av_two_third  avia-builder-el-last  flex_column_div av-zero-column-padding'     ><p><div  class='avia-button-wrap av-9d6a78-2a46c88d7e394dde70098ce1ec35476b-wrap avia-button-left  avia-builder-el-12  el_before_av_button  avia-builder-el-first'><a href='https:\/\/svat.ch\/wp-content\/uploads\/RLP_Aktivierung_d-1.pdf'  class='avia-button av-9d6a78-2a46c88d7e394dde70098ce1ec35476b av-link-btn avia-icon_select-yes-left-icon avia-size-large avia-position-left avia-color-theme-color'  target=\"_blank\"  rel=\"noopener noreferrer\"  aria-label=\"Curriculum quadro PDF\"><span class='avia_button_icon avia_button_icon_left avia-iconfont avia-font-entypo-fontello' data-av_icon='\ue832' data-av_iconfont='entypo-fontello' ><\/span><span class='avia_iconbox_title' >Curriculum quadro PDF<\/span><\/a><\/div><br \/>\n<div  class='avia-button-wrap av-9d6a78-1-61a50bc637ccebaa03195a5cfdb34833-wrap avia-button-left  avia-builder-el-13  el_after_av_button  avia-builder-el-last'><a href='https:\/\/www.odasante.ch\/'  class='avia-button av-9d6a78-1-61a50bc637ccebaa03195a5cfdb34833 av-link-btn avia-icon_select-yes-left-icon avia-size-large avia-position-left avia-color-theme-color'  target=\"_blank\"  rel=\"noopener noreferrer\"  aria-label=\"Sito web OdA Sant\u00e9\"><span class='avia_button_icon avia_button_icon_left avia-iconfont avia-font-entypo-fontello' data-av_icon='\ue832' data-av_iconfont='entypo-fontello' ><\/span><span class='avia_iconbox_title' >Sito web OdA Sant\u00e9<\/span><\/a><\/div><\/p><\/div>\n<\/p>","protected":false},"excerpt":{"rendered":"","protected":false},"author":1,"featured_media":0,"parent":14723,"menu_order":53,"comment_status":"closed","ping_status":"closed","template":"","meta":{"_seopress_robots_primary_cat":"","_seopress_titles_title":"Der Rahmenlehrplan des SVAT: die Erarbeitung von Bildungsg\u00e4ngen","_seopress_titles_desc":"Der Rahmenlehrplan ist die verbindliche Vorgabe f\u00fcr die Erarbeitung von Bildungsg\u00e4ngen. Er legt die Verantwortlichkeiten der Bildungspartner fest.\r\n","_seopress_robots_index":"","footnotes":""},"folder":[],"class_list":["post-15370","page","type-page","status-publish","hentry"],"_links":{"self":[{"href":"https:\/\/svat.ch\/it\/wp-json\/wp\/v2\/pages\/15370","targetHints":{"allow":["GET"]}}],"collection":[{"href":"https:\/\/svat.ch\/it\/wp-json\/wp\/v2\/pages"}],"about":[{"href":"https:\/\/svat.ch\/it\/wp-json\/wp\/v2\/types\/page"}],"author":[{"embeddable":true,"href":"https:\/\/svat.ch\/it\/wp-json\/wp\/v2\/users\/1"}],"replies":[{"embeddable":true,"href":"https:\/\/svat.ch\/it\/wp-json\/wp\/v2\/comments?post=15370"}],"version-history":[{"count":5,"href":"https:\/\/svat.ch\/it\/wp-json\/wp\/v2\/pages\/15370\/revisions"}],"predecessor-version":[{"id":19152,"href":"https:\/\/svat.ch\/it\/wp-json\/wp\/v2\/pages\/15370\/revisions\/19152"}],"up":[{"embeddable":true,"href":"https:\/\/svat.ch\/it\/wp-json\/wp\/v2\/pages\/14723"}],"wp:attachment":[{"href":"https:\/\/svat.ch\/it\/wp-json\/wp\/v2\/media?parent=15370"}],"wp:term":[{"taxonomy":"folder","embeddable":true,"href":"https:\/\/svat.ch\/it\/wp-json\/wp\/v2\/folder?post=15370"}],"curies":[{"name":"wp","href":"https:\/\/api.w.org\/{rel}","templated":true}]}}