{"id":14917,"date":"2021-12-14T14:27:45","date_gmt":"2021-12-14T13:27:45","guid":{"rendered":"https:\/\/svat.aretis.ch\/?page_id=14917"},"modified":"2025-11-21T10:44:10","modified_gmt":"2025-11-21T09:44:10","slug":"links","status":"publish","type":"page","link":"https:\/\/svat.ch\/it\/links\/","title":{"rendered":"Link"},"content":{"rendered":"<div id='av_section_1'  class='avia-section av-kx5z5r4u-ba34e7a407b080009d393708c71a8206 main_color avia-section-large avia-no-border-styling  avia-builder-el-0  el_before_av_section  avia-builder-el-first  avia-bg-style-scroll container_wrap fullsize'  ><div class='container av-section-cont-open' ><main  class='template-page content  av-content-full alpha units'><div class='post-entry post-entry-type-page post-entry-14917'><div class='entry-content-wrapper clearfix'>\n\n<style type=\"text\/css\" data-created_by=\"avia_inline_auto\" id=\"style-css-av-13pssp2-6ed922aafb2ee577bb0719ddc2bff93f\">\n.flex_column.av-13pssp2-6ed922aafb2ee577bb0719ddc2bff93f{\nborder-radius:0px 0px 0px 0px;\npadding:0px 0px 0px 0px;\n}\n<\/style>\n<div  class='flex_column av-13pssp2-6ed922aafb2ee577bb0719ddc2bff93f av_one_full  avia-builder-el-1  avia-builder-el-no-sibling  first flex_column_div av-zero-column-padding'     ><p>\n<style type=\"text\/css\" data-created_by=\"avia_inline_auto\" id=\"style-css-av-kxbu11fo-f4e6d8e0807d19a094ed49c0e4a6b97f\">\n#top .av-special-heading.av-kxbu11fo-f4e6d8e0807d19a094ed49c0e4a6b97f{\npadding-bottom:30px;\n}\nbody .av-special-heading.av-kxbu11fo-f4e6d8e0807d19a094ed49c0e4a6b97f .av-special-heading-tag .heading-char{\nfont-size:25px;\n}\n.av-special-heading.av-kxbu11fo-f4e6d8e0807d19a094ed49c0e4a6b97f .av-subheading{\nfont-size:30px;\n}\n<\/style>\n<div  class='av-special-heading av-kxbu11fo-f4e6d8e0807d19a094ed49c0e4a6b97f av-special-heading-h1 blockquote modern-quote modern-centered  avia-builder-el-2  el_before_av_hr  avia-builder-el-first  av-linked-heading'><h1 class='av-special-heading-tag'  >Link raccomandati<\/h1><div class='av-subheading av-subheading_below'><p>Altri link e partner<\/p>\n<\/div><div class=\"special-heading-border\"><div class=\"special-heading-inner-border\"><\/div><\/div><\/div><br \/>\n\n<style type=\"text\/css\" data-created_by=\"avia_inline_auto\" id=\"style-css-av-wmo4xo-2036e54e9507e8f2d908fba66691bc07\">\n#top .hr.av-wmo4xo-2036e54e9507e8f2d908fba66691bc07{\nmargin-top:30px;\nmargin-bottom:30px;\n}\n.hr.av-wmo4xo-2036e54e9507e8f2d908fba66691bc07 .hr-inner{\nwidth:150px;\nborder-color:#cccccc;\nmax-width:45%;\n}\n.hr.av-wmo4xo-2036e54e9507e8f2d908fba66691bc07 .av-seperator-icon{\ncolor:#52ae2f;\n}\n.hr.av-wmo4xo-2036e54e9507e8f2d908fba66691bc07 .av-seperator-icon.avia-svg-icon svg:first-child{\nfill:#52ae2f;\nstroke:#52ae2f;\n}\n<\/style>\n<div  class='hr av-wmo4xo-2036e54e9507e8f2d908fba66691bc07 hr-custom  avia-builder-el-3  el_after_av_heading  avia-builder-el-last  trennlinie_punkt hr-center hr-icon-yes'><span class='hr-inner inner-border-av-border-thin'><span class=\"hr-inner-style\"><\/span><\/span><span class='av-seperator-icon avia-iconfont avia-font-entypo-fontello' data-av_icon='\ue8ae' data-av_iconfont='entypo-fontello' ><\/span><span class='hr-inner inner-border-av-border-thin'><span class=\"hr-inner-style\"><\/span><\/span><\/div><\/p><\/div>\n\n<\/div><\/div><\/main><!-- close content main element --><\/div><\/div><div id='av_section_2'  class='avia-section av-kx7yjcjj-174d837cb0f77edeac30c1b468308a8d alternate_color avia-section-large avia-shadow  avia-builder-el-4  el_after_av_section  avia-builder-el-last  avia-bg-style-scroll container_wrap fullsize'  ><div class='container av-section-cont-open' ><div class='template-page content  av-content-full alpha units'><div class='post-entry post-entry-type-page post-entry-14917'><div class='entry-content-wrapper clearfix'>\n<div class='flex_column_table av-2vsv1kk-5ae917cc31c24fcc86993a6666eb9b6d sc-av_one_third av-equal-height-column-flextable'>\n<style type=\"text\/css\" data-created_by=\"avia_inline_auto\" id=\"style-css-av-2vsv1kk-5ae917cc31c24fcc86993a6666eb9b6d\">\n.flex_column.av-2vsv1kk-5ae917cc31c24fcc86993a6666eb9b6d{\nborder-width:1px;\nborder-style:solid;\nborder-radius:0px 0px 0px 0px;\npadding:30px 30px 30px 30px;\nbackground-color:#ffffff;\n}\n<\/style>\n<div  class='flex_column av-2vsv1kk-5ae917cc31c24fcc86993a6666eb9b6d av_one_third  avia-builder-el-5  el_before_av_one_third  avia-builder-el-first  first flex_column_table_cell av-equal-height-column av-align-top av-animated-generic fade-in'     ><p>\n<style type=\"text\/css\" data-created_by=\"avia_inline_auto\" id=\"style-css-av-kx7z39k7-a23877bcd57b72e66b4bfc3ba2cc717a\">\n.av_font_icon.av-kx7z39k7-a23877bcd57b72e66b4bfc3ba2cc717a{\ncolor:#52ae2f;\nborder-color:#52ae2f;\n}\n.avia-svg-icon.av-kx7z39k7-a23877bcd57b72e66b4bfc3ba2cc717a svg:first-child{\nstroke:#52ae2f;\nfill:#52ae2f;\n}\n.av_font_icon.av-kx7z39k7-a23877bcd57b72e66b4bfc3ba2cc717a .av-icon-char{\nfont-size:40px;\nline-height:40px;\n}\n<\/style>\n<span  class='av_font_icon av-kx7z39k7-a23877bcd57b72e66b4bfc3ba2cc717a avia_animate_when_visible av-icon-style- avia-icon-pos-center avia-iconfont avia-font-entypo-fontello avia-icon-animate'><span class='av-icon-char' data-av_icon='\ue822' data-av_iconfont='entypo-fontello' aria-hidden=\"true\" ><\/span><\/span><br \/>\n\n<style type=\"text\/css\" data-created_by=\"avia_inline_auto\" id=\"style-css-av-6bfwlh-7750812c783ccb0dd4198b7a671e9f77\">\n#top .av-special-heading.av-6bfwlh-7750812c783ccb0dd4198b7a671e9f77{\npadding-bottom:10px;\n}\nbody .av-special-heading.av-6bfwlh-7750812c783ccb0dd4198b7a671e9f77 .av-special-heading-tag .heading-char{\nfont-size:25px;\n}\n.av-special-heading.av-6bfwlh-7750812c783ccb0dd4198b7a671e9f77 .av-subheading{\nfont-size:15px;\n}\n<\/style>\n<div  class='av-special-heading av-6bfwlh-7750812c783ccb0dd4198b7a671e9f77 av-special-heading-h4 blockquote modern-quote modern-centered  avia-builder-el-7  el_after_av_font_icon  el_before_av_textblock  av-linked-heading'><h4 class='av-special-heading-tag'  ><a class=\"av-heading-link\" href=\"https:\/\/www.sbfi.admin.ch\/sbfi\/de\/home.html\" target=\"_blank\"  rel=\"noopener noreferrer\" >SERI \"<\/a><\/h4><div class=\"special-heading-border\"><div class=\"special-heading-inner-border\"><\/div><\/div><\/div><br \/>\n<section  class='av_textblock_section av-kx7ygs1w-fa8b08c994289ed033b005ca4e035721'  ><div class='avia_textblock' ><p style=\"text-align: center;\">Segreteria di Stato per la formazione, la ricerca e l'innovazione: l'OPET \u00e8 il centro di competenza del governo federale per le questioni relative alla formazione professionale, alle universit\u00e0 di scienze applicate e alla promozione dell'innovazione.<\/p>\n<\/div><\/section><br \/>\n\n<style type=\"text\/css\" data-created_by=\"avia_inline_auto\" id=\"style-css-av-k7vomddf-3c90790b2eaf7639257be87446bb9421\">\n#top .hr.av-k7vomddf-3c90790b2eaf7639257be87446bb9421{\nmargin-top:10px;\nmargin-bottom:20px;\n}\n.hr.av-k7vomddf-3c90790b2eaf7639257be87446bb9421 .hr-inner{\nwidth:130px;\nborder-color:#52ae2f;\n}\n<\/style>\n<div  class='hr av-k7vomddf-3c90790b2eaf7639257be87446bb9421 hr-custom  avia-builder-el-9  el_after_av_textblock  el_before_av_button  hr-center hr-icon-no'><span class='hr-inner inner-border-av-border-fat'><span class=\"hr-inner-style\"><\/span><\/span><\/div><br \/>\n<div  class='avia-button-wrap av-kx994jnu-bf1ed8dd0e8938dae0c111316b8bc604-wrap avia-button-center  avia-builder-el-10  el_after_av_hr  avia-builder-el-last'><a href='https:\/\/www.sbfi.admin.ch\/sbfi\/de\/home.html'  class='avia-button av-kx994jnu-bf1ed8dd0e8938dae0c111316b8bc604 av-link-btn avia-icon_select-yes-left-icon avia-size-large avia-position-center avia-color-theme-color'  target=\"_blank\"  rel=\"noopener noreferrer\"  aria-label=\"Sito web\"><span class='avia_button_icon avia_button_icon_left avia-iconfont avia-font-entypo-fontello' data-av_icon='\ue832' data-av_iconfont='entypo-fontello' ><\/span><span class='avia_iconbox_title' >Sito web<\/span><\/a><\/div><\/p><\/div><div class='av-flex-placeholder'><\/div>\n<style type=\"text\/css\" data-created_by=\"avia_inline_auto\" id=\"style-css-av-2rnio6s-1d396aea44d7c07688cd22d7cb5b282d\">\n.flex_column.av-2rnio6s-1d396aea44d7c07688cd22d7cb5b282d{\nborder-width:1px;\nborder-style:solid;\nborder-radius:0px 0px 0px 0px;\npadding:30px 30px 30px 30px;\nbackground-color:#ffffff;\n}\n<\/style>\n<div  class='flex_column av-2rnio6s-1d396aea44d7c07688cd22d7cb5b282d av_one_third  avia-builder-el-11  el_after_av_one_third  el_before_av_one_third  flex_column_table_cell av-equal-height-column av-align-top av-animated-generic fade-in'     ><p>\n<style type=\"text\/css\" data-created_by=\"avia_inline_auto\" id=\"style-css-av-kx7z39k7-4-ed3e4f033981fd96f357d1760f34cf15\">\n.av_font_icon.av-kx7z39k7-4-ed3e4f033981fd96f357d1760f34cf15{\ncolor:#52ae2f;\nborder-color:#52ae2f;\n}\n.avia-svg-icon.av-kx7z39k7-4-ed3e4f033981fd96f357d1760f34cf15 svg:first-child{\nstroke:#52ae2f;\nfill:#52ae2f;\n}\n.av_font_icon.av-kx7z39k7-4-ed3e4f033981fd96f357d1760f34cf15 .av-icon-char{\nfont-size:40px;\nline-height:40px;\n}\n<\/style>\n<span  class='av_font_icon av-kx7z39k7-4-ed3e4f033981fd96f357d1760f34cf15 avia_animate_when_visible av-icon-style- avia-icon-pos-center avia-iconfont avia-font-entypo-fontello avia-icon-animate'><span class='av-icon-char' data-av_icon='\ue822' data-av_iconfont='entypo-fontello' aria-hidden=\"true\" ><\/span><\/span><br \/>\n\n<style type=\"text\/css\" data-created_by=\"avia_inline_auto\" id=\"style-css-av-1bm5fad-6dbe873931545edf8a1cc1192996721a\">\n#top .av-special-heading.av-1bm5fad-6dbe873931545edf8a1cc1192996721a{\npadding-bottom:10px;\n}\nbody .av-special-heading.av-1bm5fad-6dbe873931545edf8a1cc1192996721a .av-special-heading-tag .heading-char{\nfont-size:25px;\n}\n.av-special-heading.av-1bm5fad-6dbe873931545edf8a1cc1192996721a .av-subheading{\nfont-size:15px;\n}\n<\/style>\n<div  class='av-special-heading av-1bm5fad-6dbe873931545edf8a1cc1192996721a av-special-heading-h4 blockquote modern-quote modern-centered  avia-builder-el-13  el_after_av_font_icon  el_before_av_textblock  av-linked-heading'><h4 class='av-special-heading-tag'  ><a class=\"av-heading-link\" href=\"https:\/\/www.medi.ch\/\" target=\"_blank\"  rel=\"noopener noreferrer\" >dividat GmbH \"<\/a><\/h4><div class=\"special-heading-border\"><div class=\"special-heading-inner-border\"><\/div><\/div><\/div><br \/>\n<section  class='av_textblock_section av-kx7ygs1w-3-e98d2a54902b4c865ccd94588104c73f'  ><div class='avia_textblock' ><p style=\"text-align: center;\">Dividat sviluppa prodotti e concetti per un allenamento motivante ed efficiente nelle aree di prevenzione, terapia e riabilitazione.<\/p>\n<\/div><\/section><br \/>\n\n<style type=\"text\/css\" data-created_by=\"avia_inline_auto\" id=\"style-css-av-k7vomddf-2-303248e50fab9e7e6c2266bace602a54\">\n#top .hr.av-k7vomddf-2-303248e50fab9e7e6c2266bace602a54{\nmargin-top:10px;\nmargin-bottom:20px;\n}\n.hr.av-k7vomddf-2-303248e50fab9e7e6c2266bace602a54 .hr-inner{\nwidth:130px;\nborder-color:#52ae2f;\n}\n<\/style>\n<div  class='hr av-k7vomddf-2-303248e50fab9e7e6c2266bace602a54 hr-custom  avia-builder-el-15  el_after_av_textblock  el_before_av_button  hr-center hr-icon-no'><span class='hr-inner inner-border-av-border-fat'><span class=\"hr-inner-style\"><\/span><\/span><\/div><br \/>\n<div  class='avia-button-wrap av-kx994jnu-1-7c6dafce257e9c43e268d66bc048e722-wrap avia-button-center  avia-builder-el-16  el_after_av_hr  avia-builder-el-last'><a href='https:\/\/dividat.com\/'  class='avia-button av-kx994jnu-1-7c6dafce257e9c43e268d66bc048e722 av-link-btn avia-icon_select-yes-left-icon avia-size-large avia-position-center avia-color-theme-color'  target=\"_blank\"  rel=\"noopener noreferrer\"  aria-label=\"Sito web\"><span class='avia_button_icon avia_button_icon_left avia-iconfont avia-font-entypo-fontello' data-av_icon='\ue832' data-av_iconfont='entypo-fontello' ><\/span><span class='avia_iconbox_title' >Sito web<\/span><\/a><\/div><\/p><\/div><div class='av-flex-placeholder'><\/div>\n<style type=\"text\/css\" data-created_by=\"avia_inline_auto\" id=\"style-css-av-av_one_third-87f208fc8c963ed31ea6e43ba2120d16\">\n.flex_column.av-av_one_third-87f208fc8c963ed31ea6e43ba2120d16{\nborder-width:1px;\nborder-style:solid;\nborder-radius:0px 0px 0px 0px;\npadding:30px 30px 30px 30px;\nbackground-color:#ffffff;\n}\n<\/style>\n<div  class='flex_column av-av_one_third-87f208fc8c963ed31ea6e43ba2120d16 av_one_third  avia-builder-el-17  el_after_av_one_third  avia-builder-el-last  flex_column_table_cell av-equal-height-column av-align-top av-animated-generic fade-in'     ><p>\n<style type=\"text\/css\" data-created_by=\"avia_inline_auto\" id=\"style-css-av-av_font_icon-0e57d9ccff048fe311a3576c6c98667b\">\n.av_font_icon.av-av_font_icon-0e57d9ccff048fe311a3576c6c98667b{\ncolor:#52ae2f;\nborder-color:#52ae2f;\n}\n.avia-svg-icon.av-av_font_icon-0e57d9ccff048fe311a3576c6c98667b svg:first-child{\nstroke:#52ae2f;\nfill:#52ae2f;\n}\n.av_font_icon.av-av_font_icon-0e57d9ccff048fe311a3576c6c98667b .av-icon-char{\nfont-size:40px;\nline-height:40px;\n}\n<\/style>\n<span  class='av_font_icon av-av_font_icon-0e57d9ccff048fe311a3576c6c98667b avia_animate_when_visible av-icon-style- avia-icon-pos-center avia-iconfont avia-font-entypo-fontello avia-icon-animate'><span class='av-icon-char' data-av_icon='\ue822' data-av_iconfont='entypo-fontello' aria-hidden=\"true\" ><\/span><\/span><br \/>\n\n<style type=\"text\/css\" data-created_by=\"avia_inline_auto\" id=\"style-css-av-mi8o5bvu-4cd97ece9642453080ecc48e48cca743\">\n#top .av-special-heading.av-mi8o5bvu-4cd97ece9642453080ecc48e48cca743{\npadding-bottom:10px;\n}\nbody .av-special-heading.av-mi8o5bvu-4cd97ece9642453080ecc48e48cca743 .av-special-heading-tag .heading-char{\nfont-size:25px;\n}\n.av-special-heading.av-mi8o5bvu-4cd97ece9642453080ecc48e48cca743 .av-subheading{\nfont-size:15px;\n}\n<\/style>\n<div  class='av-special-heading av-mi8o5bvu-4cd97ece9642453080ecc48e48cca743 av-special-heading-h4 blockquote modern-quote modern-centered  avia-builder-el-19  el_after_av_font_icon  el_before_av_textblock  av-linked-heading'><h4 class='av-special-heading-tag'  ><a class=\"av-heading-link\" href=\"https:\/\/www.medi.ch\/\" target=\"_blank\"  rel=\"noopener noreferrer\" >Biblioteca ZHAW<\/a><\/h4><div class=\"special-heading-border\"><div class=\"special-heading-inner-border\"><\/div><\/div><\/div><br \/>\n<section  class='av_textblock_section av-mi8oa2cd-1a2782a89fb0473cca986eab76a016d1'  ><div class='avia_textblock' ><p style=\"text-align: center;\">Nella collezione di Gerontologia Applicata, i mezzi di comunicazione del\u00a0<a href=\"https:\/\/www.zhaw.ch\/de\/hochschulbibliothek\/recherchehilfe-kurse\/fachinformation-angewandte-gerontologie#c164692\">ex biblioteca Pro Senectute<\/a>\u00a0integrata nella Biblioteca universitaria ZHAW di Winterthur. La collezione \u00e8 in continuo sviluppo ed \u00e8 caratterizzata da uno stretto legame con la Svizzera e la pratica. Oltre ai temi dell'et\u00e0, dell'invecchiamento e delle relazioni intergenerazionali, vengono trattati anche altri settori correlati all'argomento, come l'assistenza, il lavoro sociale, la psicologia e l'alloggio.<\/p>\n<\/div><\/section><br \/>\n\n<style type=\"text\/css\" data-created_by=\"avia_inline_auto\" id=\"style-css-av-av_hr-3a148a9d306c89d9d28a58951000106e\">\n#top .hr.av-av_hr-3a148a9d306c89d9d28a58951000106e{\nmargin-top:10px;\nmargin-bottom:20px;\n}\n.hr.av-av_hr-3a148a9d306c89d9d28a58951000106e .hr-inner{\nwidth:130px;\nborder-color:#52ae2f;\n}\n<\/style>\n<div  class='hr av-av_hr-3a148a9d306c89d9d28a58951000106e hr-custom  avia-builder-el-21  el_after_av_textblock  el_before_av_button  hr-center hr-icon-no'><span class='hr-inner inner-border-av-border-fat'><span class=\"hr-inner-style\"><\/span><\/span><\/div><br \/>\n<div  class='avia-button-wrap av-mi8oaa1g-bcb73e24849d849604a0d2b611bbb519-wrap avia-button-center  avia-builder-el-22  el_after_av_hr  avia-builder-el-last'><a href='https:\/\/www.zhaw.ch\/de\/hochschulbibliothek\/recherchehilfe-kurse\/fachinformation-angewandte-gerontologie'  class='avia-button av-mi8oaa1g-bcb73e24849d849604a0d2b611bbb519 av-link-btn avia-icon_select-yes-left-icon avia-size-large avia-position-center avia-color-theme-color'  target=\"_blank\"  rel=\"noopener noreferrer\"  aria-label=\"Sito web\"><span class='avia_button_icon avia_button_icon_left avia-iconfont avia-font-entypo-fontello' data-av_icon='\ue832' data-av_iconfont='entypo-fontello' ><\/span><span class='avia_iconbox_title' >Sito web<\/span><\/a><\/div><\/p><\/div><\/div><!--close column table wrapper. Autoclose: 1 -->","protected":false},"excerpt":{"rendered":"","protected":false},"author":1,"featured_media":0,"parent":0,"menu_order":69,"comment_status":"closed","ping_status":"closed","template":"","meta":{"_seopress_robots_primary_cat":"","_seopress_titles_title":"","_seopress_titles_desc":"","_seopress_robots_index":"","footnotes":""},"folder":[],"class_list":["post-14917","page","type-page","status-publish","hentry"],"_links":{"self":[{"href":"https:\/\/svat.ch\/it\/wp-json\/wp\/v2\/pages\/14917","targetHints":{"allow":["GET"]}}],"collection":[{"href":"https:\/\/svat.ch\/it\/wp-json\/wp\/v2\/pages"}],"about":[{"href":"https:\/\/svat.ch\/it\/wp-json\/wp\/v2\/types\/page"}],"author":[{"embeddable":true,"href":"https:\/\/svat.ch\/it\/wp-json\/wp\/v2\/users\/1"}],"replies":[{"embeddable":true,"href":"https:\/\/svat.ch\/it\/wp-json\/wp\/v2\/comments?post=14917"}],"version-history":[{"count":7,"href":"https:\/\/svat.ch\/it\/wp-json\/wp\/v2\/pages\/14917\/revisions"}],"predecessor-version":[{"id":22592,"href":"https:\/\/svat.ch\/it\/wp-json\/wp\/v2\/pages\/14917\/revisions\/22592"}],"wp:attachment":[{"href":"https:\/\/svat.ch\/it\/wp-json\/wp\/v2\/media?parent=14917"}],"wp:term":[{"taxonomy":"folder","embeddable":true,"href":"https:\/\/svat.ch\/it\/wp-json\/wp\/v2\/folder?post=14917"}],"curies":[{"name":"wp","href":"https:\/\/api.w.org\/{rel}","templated":true}]}}